{"id":1891,"date":"2022-01-21T14:08:47","date_gmt":"2022-01-21T13:08:47","guid":{"rendered":"https:\/\/minilink.no\/kurs\/?page_id=1891"},"modified":"2023-10-09T18:10:11","modified_gmt":"2023-10-09T16:10:11","slug":"om-oss","status":"publish","type":"page","link":"https:\/\/minilink.no\/kurs\/om-oss\/","title":{"rendered":"Om oss"},"content":{"rendered":"\t\t<div data-elementor-type=\"wp-page\" data-elementor-id=\"1891\" class=\"elementor elementor-1891\">\n\t\t\t\t\t\t\t\t\t<section class=\"elementor-section elementor-top-section elementor-element elementor-element-637bf9c4 elementor-section-boxed elementor-section-height-default elementor-section-height-default\" data-id=\"637bf9c4\" data-element_type=\"section\">\n\t\t\t\t\t\t<div class=\"elementor-container elementor-column-gap-default\">\n\t\t\t\t\t<div class=\"elementor-column elementor-col-50 elementor-top-column elementor-element elementor-element-4175b8eb\" data-id=\"4175b8eb\" data-element_type=\"column\">\n\t\t\t<div class=\"elementor-widget-wrap elementor-element-populated\">\n\t\t\t\t\t\t\t\t<div class=\"elementor-element elementor-element-b705f7e elementor-widget elementor-widget-text-editor\" data-id=\"b705f7e\" data-element_type=\"widget\" data-widget_type=\"text-editor.default\">\n\t\t\t\t<div class=\"elementor-widget-container\">\n\t\t\t<style>\/*! elementor - v3.17.0 - 08-11-2023 *\/\n.elementor-widget-text-editor.elementor-drop-cap-view-stacked .elementor-drop-cap{background-color:#69727d;color:#fff}.elementor-widget-text-editor.elementor-drop-cap-view-framed .elementor-drop-cap{color:#69727d;border:3px solid;background-color:transparent}.elementor-widget-text-editor:not(.elementor-drop-cap-view-default) .elementor-drop-cap{margin-top:8px}.elementor-widget-text-editor:not(.elementor-drop-cap-view-default) .elementor-drop-cap-letter{width:1em;height:1em}.elementor-widget-text-editor .elementor-drop-cap{float:left;text-align:center;line-height:1;font-size:50px}.elementor-widget-text-editor .elementor-drop-cap-letter{display:inline-block}<\/style>\t\t\t\t<p><!-- wp:paragraph --><\/p>\n<p>Vi leverer digitale tjenester og kurs.<\/p>\n<p><!-- \/wp:paragraph --><\/p>\n<p><!-- wp:paragraph --><\/p>\n<p>Bj\u00f8rn Ivar Jakobsen som er kursleder har f\u00f8lgende erfaring.<\/p>\n<p><!-- \/wp:paragraph --><\/p>\n<p><!-- wp:paragraph --><\/p>\n<p>Jobbet som l\u00e6rer, utdannet innen EDB \u2013 Prosjektstyring og mekaniske fag.<br>Lederstilling p\u00e5 tidligere bedrift med ansvar for ca 40 ansatte.<br>Erfaring fra elektronisk, mekanisk og bensindrevne verkt\u00f8y, verne og sikkerhetsprodukter mot bygg\/industri. <br>Oppsett av f\u00f8rstehjelpsutstyr for bedrifter.<br>Yrkeserfaring ogs\u00e5 innen bygg v\/byggmester Ivar Lind.<br>F\u00f8rstehjelp fra forsvaret med bla. Traumer, Splintskader, brannskader og store bl\u00f8dninger.<\/p>\n<p><!-- \/wp:paragraph --><\/p>\n<p><!-- wp:paragraph --><\/p>\n<p>Sertifisert: Kompetent person i fallsikring,<br>Dokumentert: Stillaskurs 5-9m, Personl\u00f8fter A-B-C, Farlig verkt\u00f8y, HMS kurs for ledere, HMS kurs for ansatte, HMS kurs for verneombud, Brukerkurs for stillas, Minimodul 1.1, Modul 1, Bruk av motorsag, \u00c5ndedrettsvernkurs, Kjemikaliekurs, FSE kurs og Fallsikringskurs.<br>Best\u00e5tt NEK 400 kurs og kurs i HLR, AED (Hjertestarter) med f\u00f8rstehjelp.<br>Niv\u00e5 1 &#8211; 3 diisocyanater, brannvernkurs,&nbsp;<\/p>\n<p><!-- \/wp:paragraph --><\/p>\t\t\t\t\t\t<\/div>\n\t\t\t\t<\/div>\n\t\t\t\t\t<\/div>\n\t\t<\/div>\n\t\t\t\t<div class=\"elementor-column elementor-col-50 elementor-top-column elementor-element elementor-element-acf41db\" data-id=\"acf41db\" data-element_type=\"column\">\n\t\t\t<div class=\"elementor-widget-wrap\">\n\t\t\t\t\t\t\t\t\t<\/div>\n\t\t<\/div>\n\t\t\t\t\t\t\t<\/div>\n\t\t<\/section>\n\t\t\t\t<section class=\"elementor-section elementor-top-section elementor-element elementor-element-6caa5c1 elementor-section-boxed elementor-section-height-default elementor-section-height-default\" data-id=\"6caa5c1\" data-element_type=\"section\">\n\t\t\t\t\t\t<div class=\"elementor-container elementor-column-gap-default\">\n\t\t\t\t\t<div class=\"elementor-column elementor-col-20 elementor-top-column elementor-element elementor-element-b321864\" data-id=\"b321864\" data-element_type=\"column\">\n\t\t\t<div class=\"elementor-widget-wrap elementor-element-populated\">\n\t\t\t\t\t\t\t\t<div class=\"elementor-element elementor-element-9eaa196 elementor-widget elementor-widget-image\" data-id=\"9eaa196\" data-element_type=\"widget\" data-widget_type=\"image.default\">\n\t\t\t\t<div class=\"elementor-widget-container\">\n\t\t\t<style>\/*! elementor - v3.17.0 - 08-11-2023 *\/\n.elementor-widget-image{text-align:center}.elementor-widget-image a{display:inline-block}.elementor-widget-image a img[src$=\".svg\"]{width:48px}.elementor-widget-image img{vertical-align:middle;display:inline-block}<\/style>\t\t\t\t\t\t\t\t\t\t\t\t\t<a href=\"https:\/\/minilink.no\/kurs\/wp-content\/uploads\/2022\/05\/eksempel-romningsplan-scaled-e1652352270596.jpg\" data-elementor-open-lightbox=\"yes\" data-elementor-lightbox-title=\"eksempel r\u00f8mningsplan\" data-e-action-hash=\"#elementor-action%3Aaction%3Dlightbox%26settings%3DeyJpZCI6NzUxMywidXJsIjoiaHR0cHM6XC9cL21pbmlsaW5rLm5vXC9rdXJzXC93cC1jb250ZW50XC91cGxvYWRzXC8yMDIyXC8wNVwvZWtzZW1wZWwtcm9tbmluZ3NwbGFuLXNjYWxlZC1lMTY1MjM1MjI3MDU5Ni5qcGcifQ%3D%3D\">\n\t\t\t\t\t\t\t<img loading=\"lazy\" decoding=\"async\" width=\"640\" height=\"454\" src=\"https:\/\/minilink.no\/kurs\/wp-content\/uploads\/2022\/05\/eksempel-romningsplan-1024x727.jpg\" class=\"attachment-large size-large wp-image-7513\" alt=\"\" srcset=\"https:\/\/minilink.no\/kurs\/wp-content\/uploads\/2022\/05\/eksempel-romningsplan-1024x727.jpg 1024w, https:\/\/minilink.no\/kurs\/wp-content\/uploads\/2022\/05\/eksempel-romningsplan-scaled-e1652352270596-400x284.jpg 400w, https:\/\/minilink.no\/kurs\/wp-content\/uploads\/2022\/05\/eksempel-romningsplan-scaled-e1652352270596-600x426.jpg 600w, https:\/\/minilink.no\/kurs\/wp-content\/uploads\/2022\/05\/eksempel-romningsplan-300x213.jpg 300w, https:\/\/minilink.no\/kurs\/wp-content\/uploads\/2022\/05\/eksempel-romningsplan-768x545.jpg 768w, https:\/\/minilink.no\/kurs\/wp-content\/uploads\/2022\/05\/eksempel-romningsplan-1536x1090.jpg 1536w, https:\/\/minilink.no\/kurs\/wp-content\/uploads\/2022\/05\/eksempel-romningsplan-2048x1453.jpg 2048w, https:\/\/minilink.no\/kurs\/wp-content\/uploads\/2022\/05\/eksempel-romningsplan-18x12.jpg 18w, https:\/\/minilink.no\/kurs\/wp-content\/uploads\/2022\/05\/eksempel-romningsplan-scaled-e1652352270596.jpg 1500w\" sizes=\"auto, (max-width: 640px) 100vw, 640px\" \/>\t\t\t\t\t\t\t\t<\/a>\n\t\t\t\t\t\t\t\t\t\t\t\t\t\t\t<\/div>\n\t\t\t\t<\/div>\n\t\t\t\t\t<\/div>\n\t\t<\/div>\n\t\t\t\t<div class=\"elementor-column elementor-col-20 elementor-top-column elementor-element elementor-element-8377b82\" data-id=\"8377b82\" data-element_type=\"column\">\n\t\t\t<div class=\"elementor-widget-wrap\">\n\t\t\t\t\t\t\t\t\t<\/div>\n\t\t<\/div>\n\t\t\t\t<div class=\"elementor-column elementor-col-20 elementor-top-column elementor-element elementor-element-50c2d94\" data-id=\"50c2d94\" data-element_type=\"column\">\n\t\t\t<div class=\"elementor-widget-wrap\">\n\t\t\t\t\t\t\t\t\t<\/div>\n\t\t<\/div>\n\t\t\t\t<div class=\"elementor-column elementor-col-20 elementor-top-column elementor-element elementor-element-bb5ccfc\" data-id=\"bb5ccfc\" data-element_type=\"column\">\n\t\t\t<div class=\"elementor-widget-wrap\">\n\t\t\t\t\t\t\t\t\t<\/div>\n\t\t<\/div>\n\t\t\t\t<div class=\"elementor-column elementor-col-20 elementor-top-column elementor-element elementor-element-d38545e\" data-id=\"d38545e\" data-element_type=\"column\">\n\t\t\t<div class=\"elementor-widget-wrap\">\n\t\t\t\t\t\t\t\t\t<\/div>\n\t\t<\/div>\n\t\t\t\t\t\t\t<\/div>\n\t\t<\/section>\n\t\t\t\t\t\t\t<\/div>\n\t\t","protected":false},"excerpt":{"rendered":"<p>Vi leverer digitale tjenester og kurs. Bj\u00f8rn Ivar Jakobsen som er kursleder har f\u00f8lgende erfaring. Jobbet som l\u00e6rer, utdannet innen [&hellip;]<\/p>\n","protected":false},"author":1,"featured_media":0,"parent":0,"menu_order":0,"comment_status":"closed","ping_status":"closed","template":"elementor_header_footer","meta":{"_regular_price":[],"currency_symbol":[],"ub_ctt_via":"","footnotes":""},"class_list":["post-1891","page","type-page","status-publish","hentry"],"post_slider_layout_featured_media_urls":{"thumbnail":"","post_slider_layout_landscape_large":"","post_slider_layout_portrait_large":"","post_slider_layout_square_large":"","post_slider_layout_landscape":"","post_slider_layout_portrait":"","post_slider_layout_square":"","full":""},"featured_image_src":null,"_links":{"self":[{"href":"https:\/\/minilink.no\/kurs\/wp-json\/wp\/v2\/pages\/1891","targetHints":{"allow":["GET"]}}],"collection":[{"href":"https:\/\/minilink.no\/kurs\/wp-json\/wp\/v2\/pages"}],"about":[{"href":"https:\/\/minilink.no\/kurs\/wp-json\/wp\/v2\/types\/page"}],"author":[{"embeddable":true,"href":"https:\/\/minilink.no\/kurs\/wp-json\/wp\/v2\/users\/1"}],"replies":[{"embeddable":true,"href":"https:\/\/minilink.no\/kurs\/wp-json\/wp\/v2\/comments?post=1891"}],"version-history":[{"count":15,"href":"https:\/\/minilink.no\/kurs\/wp-json\/wp\/v2\/pages\/1891\/revisions"}],"predecessor-version":[{"id":8315,"href":"https:\/\/minilink.no\/kurs\/wp-json\/wp\/v2\/pages\/1891\/revisions\/8315"}],"wp:attachment":[{"href":"https:\/\/minilink.no\/kurs\/wp-json\/wp\/v2\/media?parent=1891"}],"curies":[{"name":"wp","href":"https:\/\/api.w.org\/{rel}","templated":true}]}}