{"id":2313,"date":"2022-01-27T14:27:34","date_gmt":"2022-01-27T13:27:34","guid":{"rendered":"https:\/\/minilink.no\/kurs\/?page_id=2313"},"modified":"2022-04-04T23:06:00","modified_gmt":"2022-04-04T21:06:00","slug":"om-vare-kurs","status":"publish","type":"page","link":"https:\/\/minilink.no\/kurs\/om-vare-kurs\/","title":{"rendered":"Om v\u00e5re kurs"},"content":{"rendered":"\n<p>Kursene vi tilbyr her er beregnet til dokumentert oppl\u00e6ring.<br>Kursene er satt opp slik at deltakerene tar teoretisk del p\u00e5 nett.<\/p>\n\n\n\n<p>Praktisk utf\u00f8relse kan gj\u00f8res p\u00e5 2 m\u00e5ter.<\/p>\n\n\n\n<ol class=\"wp-block-list\"><li>Arbeidsgiver dokumenterer at praktisk utf\u00f8relse er utf\u00f8rt i henhold til teoretisk oppl\u00e6ring.<br>Plan for hvert kurs f\u00e5r arbeidsgiver tilsendt ved p\u00e5melding teoretisk del.<\/li><li>Vi kommer p\u00e5 bedriftsbes\u00f8k og tar praktisk oppl\u00e6ring (veileder)<br>Plan for denne oppl\u00e6ringen tar vi med ut p\u00e5 hvert enkelt oppdrag.<\/li><\/ol>\n\n\n\n<p>Hvis arbeidsgiver skal dokumentere oppl\u00e6ring i henhold til loven om dokumentert oppl\u00e6ring skal skjemaet som du finner her fylles ut.<\/p>\n\n\n\n<p>Hvis dere \u00f8nsker kompetansebevis fra SFS utsted eller p\u00e5f\u00f8rt eksisterende kommer kostnaden p\u00e5 dette som ekstra utover kursavgiften<br>Vi f\u00f8lger SFS sine priser p\u00e5 dette og fakturerer 1:1 p\u00e5 denne avgiften. <\/p>\n\n\n\n<p><a href=\"https:\/\/minilink.no\/kurs\/wp-content\/uploads\/2022\/02\/426.pdf\" data-type=\"URL\"><strong>Skjema for bekreftelse dokumentert oppl\u00e6ring.<\/strong><\/a><\/p>\n\n\n\n<p><strong><a rel=\"noreferrer noopener\" href=\"https:\/\/minilink.no\/kurs\/wp-content\/uploads\/2022\/01\/Bekreftelse-praksis-fallsikring.pdf\" data-type=\"URL\" data-id=\"https:\/\/minilink.no\/kurs\/wp-content\/uploads\/2022\/01\/Bekreftelse-praksis-fallsikring.pdf\" target=\"_blank\">Skjema for dokumentert oppl\u00e6ring fallsikring<\/a><\/strong><\/p>\n\n\n\n<p><a href=\"https:\/\/minilink.no\/kurs\/wp-content\/uploads\/2022\/03\/dokumentert_oppl.pdf\" target=\"_blank\" rel=\"noreferrer noopener\"><strong>Skjema for dokumentert praktisk ved bruk av motorsag.<\/strong><\/a><\/p>\n\n\n\n<p><a href=\"https:\/\/minilink.no\/kurs\/wp-content\/uploads\/2022\/04\/Praktsik-opplaeringstimer-stilas-.pdf\" target=\"_blank\" rel=\"noreferrer noopener\"><strong>Skjema for dokumentert oppl\u00e6ring stillas 5-9m<\/strong><\/a><\/p>\n\n\n\n<p><a href=\"https:\/\/minilink.no\/kurs\/wp-content\/uploads\/2021\/11\/egenerkl_ring_for_vedhogger.pdf\" target=\"_blank\" rel=\"noreferrer noopener\"><strong>Egenerkl\u00e6rings for vedhogger finner du her<\/strong><\/a><\/p>\n\n\n\n<p><\/p>\n\n\n\n<h2 class=\"wp-block-heading\">Bedriftsinterne kurs.<\/h2>\n\n\n\n<p>\u00d8nsker deres bedrift bedriftsinterne kurs i Vester\u00e5len \/ Lofoten.<br>Da kommer vi ut med kursmateriell og holder teoretisk og praktisk oppl\u00e6ring p\u00e5 deres arbeidsplass.<\/p>\n\n\n\n<p>Utstyr som dere beh\u00f8ver da er:<\/p>\n\n\n\n<ul class=\"wp-block-list\"><li>Prosjektor eller stor TV.<\/li><li>Pulter\/sprivebord til deltakere<\/li><li>Arbeidsbord til kursveileder.<\/li><li>Kaffe og gjerne noe \u00e5 bite i.<\/li><\/ul>\n\n\n\n<p>Noen kurs som vi leverer er i samarbeide med en annen leverand\u00f8r.<br>Stillaskurs 5-9m og Liftkurs.<br>Teori kj\u00f8res her p\u00e5 kurssiden, og praktisk oppl\u00e6ring kan leveres av v\u00e5r samarbeidspartner.<br>Egen pris p\u00e5 praktisk oppl\u00e6ring. (hele kurset kan kj\u00f8pes hos samarbeidspartner)<br>Praktisk oppl\u00e6ring kan dokumenteres av arbeidsgiver om dette er mulig. (Se skjema ovenfor)<\/p>\n\n\n\n<p>Disse kursene er i samarbeide med <a href=\"https:\/\/liftme.no\/\" target=\"_blank\" rel=\"noreferrer noopener\">Lift Me AS<\/a> p\u00e5 Stokmarknes.<br><\/p>\n\n\n\n<p><\/p>\n\n\n\n<p><\/p>\n\n\n\n<h1 class=\"wp-block-heading\">Krav til instrukt\u00f8r for dokumentert sikkerhetsoppl\u00e6ring<\/h1>\n\n\n\n<p>Det er viktig at instrukt\u00f8rer har den n\u00f8dvendige kompetanse. <br>Arbeidsgiver m\u00e5 sikre at instrukt\u00f8rer har en teoretisk og praktisk kompetanse som gir dem en tilstrekkelig h\u00f8y faglig status for \u00e5 drive sikkerhetsoppl\u00e6ring innenfor bruk av arbeidsutstyr.<\/p>\n\n\n\n<p><strong>Hva sier forskriften:<\/strong><\/p>\n\n\n\n<p>N\u00e5r arbeidsgiver etter en risikovurdering finner at arbeidsutstyret krever s\u00e6rlig forsiktighet ved bruk, <br>kan det bare benyttes arbeidstakere som har dokumentert sikkerhetsoppl\u00e6ring etter \u00a7 10-2.<\/p>\n\n\n\n<p><strong>Dokumentert sikkerhetsoppl\u00e6ring kan gis av arbeidsgiver eller andre som er kompetent til det.<\/strong><\/p>\n\n\n\n<p>Forskriften bruker begreper kompetent. <br>Det er ikke noe eksakt fasitsvar p\u00e5 dette, men i bransjene blir dette tolket som at instrukt\u00f8rene m\u00e5 ha:&nbsp;<\/p>\n\n\n\n<p>1.&nbsp;&nbsp;&nbsp; Kunnskap om gjeldende lover, forskrifter og standarder p\u00e5 det aktuelle omr\u00e5det.&nbsp;<\/p>\n\n\n\n<p>2.&nbsp;&nbsp;&nbsp; Egen dokumentert oppl\u00e6ring p\u00e5 det aktuelle utstyret<\/p>\n\n\n\n<p>3.&nbsp;&nbsp;&nbsp; Tilstrekkelig praktisk erfaring<\/p>\n\n\n\n<p>4.&nbsp;&nbsp;&nbsp; Evne til \u00e5 formidle kunnskap<\/p>\n\n\n\n<p>P\u00e5 grunn av mangel i en av de 4 ovennevnte, tidspress etc har det blitt mer vanlig de senere \u00e5r at bedrifter kj\u00f8per ogs\u00e5 dokumentert sikkerhetsoppl\u00e6ring ved oppl\u00e6ringsvirksomheter.<\/p>\n\n\n\n<p><em>Kilde: Norsi<\/em><\/p>\n","protected":false},"excerpt":{"rendered":"<p>Kursene vi tilbyr her er beregnet til dokumentert oppl\u00e6ring.Kursene er satt opp slik at deltakerene tar teoretisk del p\u00e5 nett. [&hellip;]<\/p>\n","protected":false},"author":1,"featured_media":0,"parent":0,"menu_order":0,"comment_status":"closed","ping_status":"closed","template":"","meta":{"_regular_price":[],"currency_symbol":[],"ub_ctt_via":"","footnotes":""},"class_list":["post-2313","page","type-page","status-publish","hentry"],"post_slider_layout_featured_media_urls":{"thumbnail":"","post_slider_layout_landscape_large":"","post_slider_layout_portrait_large":"","post_slider_layout_square_large":"","post_slider_layout_landscape":"","post_slider_layout_portrait":"","post_slider_layout_square":"","full":""},"featured_image_src":null,"_links":{"self":[{"href":"https:\/\/minilink.no\/kurs\/wp-json\/wp\/v2\/pages\/2313","targetHints":{"allow":["GET"]}}],"collection":[{"href":"https:\/\/minilink.no\/kurs\/wp-json\/wp\/v2\/pages"}],"about":[{"href":"https:\/\/minilink.no\/kurs\/wp-json\/wp\/v2\/types\/page"}],"author":[{"embeddable":true,"href":"https:\/\/minilink.no\/kurs\/wp-json\/wp\/v2\/users\/1"}],"replies":[{"embeddable":true,"href":"https:\/\/minilink.no\/kurs\/wp-json\/wp\/v2\/comments?post=2313"}],"version-history":[{"count":16,"href":"https:\/\/minilink.no\/kurs\/wp-json\/wp\/v2\/pages\/2313\/revisions"}],"predecessor-version":[{"id":6305,"href":"https:\/\/minilink.no\/kurs\/wp-json\/wp\/v2\/pages\/2313\/revisions\/6305"}],"wp:attachment":[{"href":"https:\/\/minilink.no\/kurs\/wp-json\/wp\/v2\/media?parent=2313"}],"curies":[{"name":"wp","href":"https:\/\/api.w.org\/{rel}","templated":true}]}}