{"id":27,"date":"2021-11-16T09:12:25","date_gmt":"2021-11-16T09:12:25","guid":{"rendered":"https:\/\/minilink.no\/kurs\/lp-term-conditions-2\/"},"modified":"2022-05-12T09:53:17","modified_gmt":"2022-05-12T07:53:17","slug":"lp-term-conditions-2","status":"publish","type":"page","link":"https:\/\/minilink.no\/kurs\/lp-term-conditions-2\/","title":{"rendered":"Personvernerkl\u00e6ring"},"content":{"rendered":"\n<h2 class=\"wp-block-heading\">Personvernerkl\u00e6ring (privacy policy) \u2013\u00a0minilink.no<\/h2>\n\n\n\n<p><br>Denne personvernerkl\u00e6ring gjelder for\u00a0<strong>Haug Media<\/strong>\u00a0for nettsiden\u00a0<strong>minilink.no\u00a0<\/strong> <br><br><strong>BEHANDLINGSANSVARLIG<\/strong><br>Hovedansvarlig for behandlingen av personopplysningene er:\u00a0<strong> <strong>Haug Media<\/strong> Jakobsen <\/strong>med organisasjonsnummer\u00a0NO970929177. <br>Ansvarlig personer hos oss er\u00a0<strong>Bj\u00f8rn Ivar Jakobsen\u00a0<\/strong>\u00a0<\/p>\n\n\n\n<p><strong>V\u00c5RT FORM\u00c5L OG BEHANDLINGSGRUNNLAG\u00a0<br><\/strong>Personopplysninger som i all hovedsak er navn, e-post, telefonnummer og adresse hentes inn for \u00e5 kunne kommunisere med potensielle, eksisterende og tidligere kunder, i tillegg for \u00e5 kunne gjennomf\u00f8re bestilte tjenester og produkter samt ha mulighet for \u00e5 behandle en eventuelle klage.<br>Disse opplysningene lagres ogs\u00e5 for \u00e5 kunne utstede gyldig kursbevis. <br>Andre personopplysninger kan forekommen men v\u00e5rt behandlingsgrunnlaget ligger inn under\u00a0<a href=\"https:\/\/gdpr-info.eu\/art-6-gdpr\/\" target=\"_blank\" rel=\"noreferrer noopener\"><strong>Art. 6 GDPR Lawfulness of processing<\/strong><\/a><br><br>A) Innhentet gyldig samtykke &#8211;\u00a0<a href=\"https:\/\/www.datatilsynet.no\/regelverk-og-skjema\/veiledere\/veileder-om-behandlingsgrunnlag\/?id=8362\" target=\"_blank\" rel=\"noreferrer noopener\"><strong>les mer<\/strong><\/a><br>B) N\u00f8dvendig for \u00e5 oppfylle en avtale &#8211;\u00a0<a href=\"https:\/\/www.datatilsynet.no\/regelverk-og-skjema\/veiledere\/veileder-om-behandlingsgrunnlag\/?id=8370\" target=\"_blank\" rel=\"noreferrer noopener\"><strong>les mer<\/strong><\/a><br>C) N\u00f8dvendig for \u00e5 oppfylle en rettslig plikt &#8211;\u00a0<a href=\"https:\/\/www.datatilsynet.no\/regelverk-og-skjema\/veiledere\/veileder-om-behandlingsgrunnlag\/?id=8376\" target=\"_blank\" rel=\"noreferrer noopener\"><strong>les mer<\/strong><\/a><br>F) Berettiget samtykke (bruk av databehandler fra eksterne leverand\u00f8rer)\u00a0<br><br>Behandling av personopplysninger vil f\u00f8lge personopplysningsloven \/ personvern ordningen (GDPR) bruk av personopplysninger, som for eksempel innsamling, registrering, sammenstilling, lagring og utlevering eller en kombinasjon av slike bruksm\u00e5ter.\u00a0<br><br><strong>HVA BEHANDLES OG HVORDAN HENTER VI INN PERSONOPPLYSNINGER<\/strong><br>Noe personopplysninger henter vi inn\u00a0<strong>frivillig<\/strong>, dvs bruker legger igjen personopplysninger\u00a0slik at vi kan gjennomf\u00f8re\u00a0bestilling av produkter og tjenester. Noe personopplysninger er vi\u00a0<strong>pliktig<\/strong>\u00a0til \u00e5 hente inn og oppbevar i henhold til gjeldende regelverk. (f.eks regnskapsbilag er lovp\u00e5lagt i henhold til bokf\u00f8ringsloven). Vi henter inn personopplysninger i all hovedsak via\u00a0kontaktskjema\/registrering p\u00e5 nettsiden, e-post, telefon, tekstmelding og meldinger via sosiale medier. <br>Annen form for kommunikasjon kan ogs\u00e5 forekomme.\u00a0<br><br>Merk at behandling av personopplysninger i relasjon til spesifikke tjenester og produkter kan v\u00e6re regulert i egne avtaler som er tilgjengeliggjort p\u00e5 de spesifikke produktsidene. Fra tid til annen gjennomf\u00f8rer vi ogs\u00e5 bruker- og kundeunders\u00f8kelser for \u00e5 f\u00e5 en bedre forst\u00e5else for behovene til v\u00e5re kunder. Vi vil bestrebe oss p\u00e5 \u00e5 fortelle deg om hvordan vi bruker opplysningene.<br><strong><br> <strong>Haug Media<\/strong> \u00a0<\/strong>verken henter inn, registrer eller\u00a0behandler\u00a0<a href=\"https:\/\/www.datatilsynet.no\/om-personvern\/personopplysninger\/\" target=\"_blank\" rel=\"noreferrer noopener\"><strong>sensitive personopplysninger.<\/strong><\/a><br><br><strong>DELER VI PERSONOPPLYSNINGER\u00a0MED ANDRE?<\/strong><br>Noe deling av personopplysninger er n\u00f8dvendig (noen ogs\u00e5 pliktig) for \u00e5 kunne drifte v\u00e5r virksomhet. Dette vil typisk v\u00e6re\u00a0IT\u00a0leverand\u00f8rer (f.eks webhotel, e-post , programvare\u00a0og skybaserte tjenester),\u00a0 regnskap\/revisjon, r\u00e5dgivning og lovp\u00e5lagt rapportering til myndigheter.<br><br><strong>minilink.no<\/strong>\u00a0er hostet av\u00a0<b> <\/b><strong style=\"font-weight: bold;\">Haug Media<\/strong>.\u00a0I tillegg benytter vi databehandlingstjenestene til\u00a0<br><strong><br>Facebook<\/strong><br><strong>Terrahost<\/strong><br><strong>Google<br><\/strong>Vi er i god tro at alle disse databehandlingstjenesten f\u00f8lger GDPR lovgivningen.<br><br><strong>SIKRING AV PERSONOPPLYSNINGER<br><\/strong>Vi tar sikkerhet p\u00e5 alvor og ivaretar personopplysninger p\u00e5 best mulig m\u00e5te slik at uvedkommende ikke f\u00e5r innsyn eller har mulighet til \u00e5 endre og p\u00e5virke personopplysningene. Vi benytter kun\u00a0anerkjente IT leverand\u00f8rer og programvare.\u00a0<\/p>\n\n\n\n<p><strong>INNSYN OG RETTING<\/strong><br>I henhold til personopplysningsloven \u00a7 18 har man krav p\u00e5 innsyn i de opplysninger som er registrert. Innsyn kan f\u00e5s ved \u00e5 sende en skriftlig henvendelse til\u00a0<strong> <strong>Haug Media<\/strong> , Haugveien 78, 8445 Melbu.<\/strong>\u00a0<br>Dersom de registrerte opplysninger ikke er riktige eller de er ufullstendige kan du kreve disse rettet i henhold til personopplysningslovens \u00a7 27.<\/p>\n\n\n\n<p><strong>OPPBEVARING OG SLETTING<\/strong><br>I henhold til personopplysningsloven \u00a7 28 skal opplysninger som ikke lenger er n\u00f8dvendig ut fra det form\u00e5l de er lagret for, slettes.\u00a0<strong>minilink.no<\/strong>\u00a0lagrer personopplysninger om kunder i henhold til den enhver tid gjeldende Norsk\/Europeisk lovgivning.<\/p>\n\n\n\n<p>Du kan n\u00e5r som helst kreve sletting av all personlig informasjon vi har om deg med unntak\u00a0av\u00a0opplysninger vi er n\u00f8dvendig eller pliktig til \u00e5 oppbevare i tr\u00e5d med gjeldende regelverk, f.eks bokf\u00f8ringsloven.<br><br>Om du ikke \u00f8nsker \u00e5 motta eposter fra oss lengre, klikk avbestillings-link som du som regel finner nederst i hver e-post du mottar fra oss. \u00d8nsker du \u00e5 bli slettet fra alle v\u00e5re registre, send oss en e-post p\u00e5\u00a0<strong>bjorn{at}minilink.no<\/strong>\u00a0<\/p>\n\n\n\n<p><strong>BRUK AV INFORMASJONSKAPSLER\u00a0(COOKIES)<\/strong><br>Vi bruker\u00a0informasjonskapsler p\u00e5 v\u00e5re nettsider for at bes\u00f8ksstatistikken skal v\u00e6re p\u00e5litelig og for \u00e5 \u00f8ke funksjonaliteten p\u00e5 v\u00e5re sider.\u00a0<br><br>I henhold til\u00a0<a href=\"https:\/\/lovdata.no\/dokument\/NL\/lov\/2003-07-04-83\/KAPITTEL_2#%C2%A72-7b\" target=\"_blank\" rel=\"noreferrer noopener\"><strong>Lov om elektronisk kommunikasjon &#8211;\u00a0\u00a7 2-7 b. Bruk av informasjonskapsler\/cookies<\/strong><\/a>\u00a0er vi pliktig til \u00e5 informere om hvilke informasjonskapsler (cookies) vi benytter.<br>\u00a0<br><strong><strong>Haug Media<\/strong> <\/strong>\u00a0benytter f\u00f8lgende informasjonskapsler\u00a0\u00a0<br><strong>Innlogging, statistikk, Google analytics, Facebook<\/strong>, <strong>Stripe<\/strong><\/p>\n","protected":false},"excerpt":{"rendered":"<p>Personvernerkl\u00e6ring (privacy policy) \u2013\u00a0minilink.no Denne personvernerkl\u00e6ring gjelder for\u00a0Haug Media\u00a0for nettsiden\u00a0minilink.no\u00a0 BEHANDLINGSANSVARLIGHovedansvarlig for behandlingen av personopplysningene er:\u00a0 Haug Media Jakobsen med [&hellip;]<\/p>\n","protected":false},"author":1,"featured_media":0,"parent":0,"menu_order":0,"comment_status":"closed","ping_status":"closed","template":"","meta":{"_regular_price":[],"currency_symbol":[],"ub_ctt_via":"","footnotes":""},"class_list":["post-27","page","type-page","status-publish","hentry"],"post_slider_layout_featured_media_urls":{"thumbnail":"","post_slider_layout_landscape_large":"","post_slider_layout_portrait_large":"","post_slider_layout_square_large":"","post_slider_layout_landscape":"","post_slider_layout_portrait":"","post_slider_layout_square":"","full":""},"featured_image_src":null,"_links":{"self":[{"href":"https:\/\/minilink.no\/kurs\/wp-json\/wp\/v2\/pages\/27","targetHints":{"allow":["GET"]}}],"collection":[{"href":"https:\/\/minilink.no\/kurs\/wp-json\/wp\/v2\/pages"}],"about":[{"href":"https:\/\/minilink.no\/kurs\/wp-json\/wp\/v2\/types\/page"}],"author":[{"embeddable":true,"href":"https:\/\/minilink.no\/kurs\/wp-json\/wp\/v2\/users\/1"}],"replies":[{"embeddable":true,"href":"https:\/\/minilink.no\/kurs\/wp-json\/wp\/v2\/comments?post=27"}],"version-history":[{"count":6,"href":"https:\/\/minilink.no\/kurs\/wp-json\/wp\/v2\/pages\/27\/revisions"}],"predecessor-version":[{"id":7508,"href":"https:\/\/minilink.no\/kurs\/wp-json\/wp\/v2\/pages\/27\/revisions\/7508"}],"wp:attachment":[{"href":"https:\/\/minilink.no\/kurs\/wp-json\/wp\/v2\/media?parent=27"}],"curies":[{"name":"wp","href":"https:\/\/api.w.org\/{rel}","templated":true}]}}