{"id":7391,"date":"2022-04-18T14:24:18","date_gmt":"2022-04-18T12:24:18","guid":{"rendered":"https:\/\/minilink.no\/kurs\/?page_id=7391"},"modified":"2022-04-18T15:59:19","modified_gmt":"2022-04-18T13:59:19","slug":"bekreftelser-for-nedlasting","status":"publish","type":"page","link":"https:\/\/minilink.no\/kurs\/bekreftelser-for-nedlasting\/","title":{"rendered":"Bekreftelser for nedlasting"},"content":{"rendered":"\n<p>Her kan du laste ned bekreftelser p\u00e5 praktisk utf\u00f8relse i bedrift.<br>Disse skjemaene kan brukes som bevis p\u00e5 dokumentert praktisk oppl\u00e6ring.<\/p>\n\n\n\n<p><\/p>\n\n\n\n<div class=\"wp-block-columns is-layout-flex wp-container-core-columns-is-layout-1 wp-block-columns-is-layout-flex\">\n<div class=\"wp-block-column is-layout-flow wp-block-column-is-layout-flow\">\n<figure class=\"wp-block-image size-large\"><img loading=\"lazy\" decoding=\"async\" width=\"1024\" height=\"724\" src=\"https:\/\/minilink.no\/kurs\/wp-content\/uploads\/2022\/04\/426-1024x724.jpg\" alt=\"\" class=\"wp-image-7394\" srcset=\"https:\/\/minilink.no\/kurs\/wp-content\/uploads\/2022\/04\/426-1024x724.jpg 1024w, https:\/\/minilink.no\/kurs\/wp-content\/uploads\/2022\/04\/426-400x283.jpg 400w, https:\/\/minilink.no\/kurs\/wp-content\/uploads\/2022\/04\/426-600x424.jpg 600w, https:\/\/minilink.no\/kurs\/wp-content\/uploads\/2022\/04\/426-300x212.jpg 300w, https:\/\/minilink.no\/kurs\/wp-content\/uploads\/2022\/04\/426-768x543.jpg 768w, https:\/\/minilink.no\/kurs\/wp-content\/uploads\/2022\/04\/426-1536x1086.jpg 1536w, https:\/\/minilink.no\/kurs\/wp-content\/uploads\/2022\/04\/426-2048x1448.jpg 2048w, https:\/\/minilink.no\/kurs\/wp-content\/uploads\/2022\/04\/426-18x12.jpg 18w\" sizes=\"auto, (max-width: 1024px) 100vw, 1024px\" \/><figcaption><a href=\"https:\/\/minilink.no\/kurs\/wp-content\/uploads\/2022\/02\/426.pdf\"><strong>Skjema for bekreftelse dokumentert oppl\u00e6ring.<\/strong><\/a><\/figcaption><\/figure>\n<\/div>\n\n\n\n<div class=\"wp-block-column is-layout-flow wp-block-column-is-layout-flow\">\n<figure class=\"wp-block-image size-large\"><img loading=\"lazy\" decoding=\"async\" width=\"1024\" height=\"724\" src=\"https:\/\/minilink.no\/kurs\/wp-content\/uploads\/2022\/04\/dokumentert_oppl-1024x724.jpg\" alt=\"\" class=\"wp-image-7395\" srcset=\"https:\/\/minilink.no\/kurs\/wp-content\/uploads\/2022\/04\/dokumentert_oppl-1024x724.jpg 1024w, https:\/\/minilink.no\/kurs\/wp-content\/uploads\/2022\/04\/dokumentert_oppl-400x283.jpg 400w, https:\/\/minilink.no\/kurs\/wp-content\/uploads\/2022\/04\/dokumentert_oppl-600x424.jpg 600w, https:\/\/minilink.no\/kurs\/wp-content\/uploads\/2022\/04\/dokumentert_oppl-300x212.jpg 300w, https:\/\/minilink.no\/kurs\/wp-content\/uploads\/2022\/04\/dokumentert_oppl-768x543.jpg 768w, https:\/\/minilink.no\/kurs\/wp-content\/uploads\/2022\/04\/dokumentert_oppl-1536x1086.jpg 1536w, https:\/\/minilink.no\/kurs\/wp-content\/uploads\/2022\/04\/dokumentert_oppl-2048x1448.jpg 2048w, https:\/\/minilink.no\/kurs\/wp-content\/uploads\/2022\/04\/dokumentert_oppl-18x12.jpg 18w\" sizes=\"auto, (max-width: 1024px) 100vw, 1024px\" \/><figcaption><a rel=\"noreferrer noopener\" href=\"https:\/\/minilink.no\/kurs\/wp-content\/uploads\/2022\/03\/dokumentert_oppl.pdf\" target=\"_blank\"><strong>Skjema for dokumentert praktisk ved bruk av motorsag.<\/strong><\/a><\/figcaption><\/figure>\n<\/div>\n\n\n\n<div class=\"wp-block-column is-layout-flow wp-block-column-is-layout-flow\">\n<figure class=\"wp-block-image size-large\"><img loading=\"lazy\" decoding=\"async\" width=\"724\" height=\"1024\" src=\"https:\/\/minilink.no\/kurs\/wp-content\/uploads\/2022\/04\/Bekreftelse-praksis-fallsikring-724x1024.jpg\" alt=\"\" class=\"wp-image-7396\" srcset=\"https:\/\/minilink.no\/kurs\/wp-content\/uploads\/2022\/04\/Bekreftelse-praksis-fallsikring-724x1024.jpg 724w, https:\/\/minilink.no\/kurs\/wp-content\/uploads\/2022\/04\/Bekreftelse-praksis-fallsikring-400x566.jpg 400w, https:\/\/minilink.no\/kurs\/wp-content\/uploads\/2022\/04\/Bekreftelse-praksis-fallsikring-600x848.jpg 600w, https:\/\/minilink.no\/kurs\/wp-content\/uploads\/2022\/04\/Bekreftelse-praksis-fallsikring-212x300.jpg 212w, https:\/\/minilink.no\/kurs\/wp-content\/uploads\/2022\/04\/Bekreftelse-praksis-fallsikring-768x1086.jpg 768w, https:\/\/minilink.no\/kurs\/wp-content\/uploads\/2022\/04\/Bekreftelse-praksis-fallsikring-1086x1536.jpg 1086w, https:\/\/minilink.no\/kurs\/wp-content\/uploads\/2022\/04\/Bekreftelse-praksis-fallsikring-1448x2048.jpg 1448w, https:\/\/minilink.no\/kurs\/wp-content\/uploads\/2022\/04\/Bekreftelse-praksis-fallsikring-8x12.jpg 8w, https:\/\/minilink.no\/kurs\/wp-content\/uploads\/2022\/04\/Bekreftelse-praksis-fallsikring.jpg 1654w\" sizes=\"auto, (max-width: 724px) 100vw, 724px\" \/><figcaption><strong><a rel=\"noreferrer noopener\" href=\"https:\/\/minilink.no\/kurs\/wp-content\/uploads\/2022\/01\/Bekreftelse-praksis-fallsikring.pdf\" target=\"_blank\">Skjema for dokumentert oppl\u00e6ring fallsikring<\/a><\/strong><\/figcaption><\/figure>\n<\/div>\n<\/div>\n\n\n\n<div class=\"wp-block-columns is-layout-flex wp-container-core-columns-is-layout-2 wp-block-columns-is-layout-flex\">\n<div class=\"wp-block-column is-layout-flow wp-block-column-is-layout-flow\">\n<figure class=\"wp-block-image size-large\"><img loading=\"lazy\" decoding=\"async\" width=\"724\" height=\"1024\" src=\"https:\/\/minilink.no\/kurs\/wp-content\/uploads\/2022\/04\/egenerkl_ring_for_vedhogger-724x1024.jpg\" alt=\"\" class=\"wp-image-7398\" srcset=\"https:\/\/minilink.no\/kurs\/wp-content\/uploads\/2022\/04\/egenerkl_ring_for_vedhogger-724x1024.jpg 724w, https:\/\/minilink.no\/kurs\/wp-content\/uploads\/2022\/04\/egenerkl_ring_for_vedhogger-400x566.jpg 400w, https:\/\/minilink.no\/kurs\/wp-content\/uploads\/2022\/04\/egenerkl_ring_for_vedhogger-600x849.jpg 600w, https:\/\/minilink.no\/kurs\/wp-content\/uploads\/2022\/04\/egenerkl_ring_for_vedhogger-212x300.jpg 212w, https:\/\/minilink.no\/kurs\/wp-content\/uploads\/2022\/04\/egenerkl_ring_for_vedhogger-768x1087.jpg 768w, https:\/\/minilink.no\/kurs\/wp-content\/uploads\/2022\/04\/egenerkl_ring_for_vedhogger-1086x1536.jpg 1086w, https:\/\/minilink.no\/kurs\/wp-content\/uploads\/2022\/04\/egenerkl_ring_for_vedhogger-1447x2048.jpg 1447w, https:\/\/minilink.no\/kurs\/wp-content\/uploads\/2022\/04\/egenerkl_ring_for_vedhogger-8x12.jpg 8w, https:\/\/minilink.no\/kurs\/wp-content\/uploads\/2022\/04\/egenerkl_ring_for_vedhogger.jpg 1653w\" sizes=\"auto, (max-width: 724px) 100vw, 724px\" \/><figcaption><a rel=\"noreferrer noopener\" href=\"https:\/\/minilink.no\/kurs\/wp-content\/uploads\/2021\/11\/egenerkl_ring_for_vedhogger.pdf\" target=\"_blank\"><strong>Egenerkl\u00e6rings for vedhogger finner du her<\/strong><\/a><\/figcaption><\/figure>\n<\/div>\n\n\n\n<div class=\"wp-block-column is-layout-flow wp-block-column-is-layout-flow\">\n<figure class=\"wp-block-image size-large\"><img loading=\"lazy\" decoding=\"async\" width=\"724\" height=\"1024\" src=\"https:\/\/minilink.no\/kurs\/wp-content\/uploads\/2022\/04\/Praktsik-opplaeringstimer-stilas--724x1024.jpg\" alt=\"\" class=\"wp-image-7399\" srcset=\"https:\/\/minilink.no\/kurs\/wp-content\/uploads\/2022\/04\/Praktsik-opplaeringstimer-stilas--724x1024.jpg 724w, https:\/\/minilink.no\/kurs\/wp-content\/uploads\/2022\/04\/Praktsik-opplaeringstimer-stilas--400x566.jpg 400w, https:\/\/minilink.no\/kurs\/wp-content\/uploads\/2022\/04\/Praktsik-opplaeringstimer-stilas--600x848.jpg 600w, https:\/\/minilink.no\/kurs\/wp-content\/uploads\/2022\/04\/Praktsik-opplaeringstimer-stilas--212x300.jpg 212w, https:\/\/minilink.no\/kurs\/wp-content\/uploads\/2022\/04\/Praktsik-opplaeringstimer-stilas--768x1086.jpg 768w, https:\/\/minilink.no\/kurs\/wp-content\/uploads\/2022\/04\/Praktsik-opplaeringstimer-stilas--1086x1536.jpg 1086w, https:\/\/minilink.no\/kurs\/wp-content\/uploads\/2022\/04\/Praktsik-opplaeringstimer-stilas--1448x2048.jpg 1448w, https:\/\/minilink.no\/kurs\/wp-content\/uploads\/2022\/04\/Praktsik-opplaeringstimer-stilas--8x12.jpg 8w, https:\/\/minilink.no\/kurs\/wp-content\/uploads\/2022\/04\/Praktsik-opplaeringstimer-stilas-.jpg 1654w\" sizes=\"auto, (max-width: 724px) 100vw, 724px\" \/><figcaption><a rel=\"noreferrer noopener\" href=\"https:\/\/minilink.no\/kurs\/wp-content\/uploads\/2022\/04\/Praktsik-opplaeringstimer-stilas-.pdf\" target=\"_blank\"><strong>Skjema for dokumentert oppl\u00e6ring stillas 5-9m<\/strong><\/a><\/figcaption><\/figure>\n<\/div>\n\n\n\n<div class=\"wp-block-column is-layout-flow wp-block-column-is-layout-flow\"><\/div>\n<\/div>\n\n\n\n<p><\/p>\n\n\n\n<p><\/p>\n\n\n\n<p><\/p>\n\n\n\n<p><\/p>\n\n\n\n<p><\/p>\n","protected":false},"excerpt":{"rendered":"<p>Her kan du laste ned bekreftelser p\u00e5 praktisk utf\u00f8relse i bedrift.Disse skjemaene kan brukes som bevis p\u00e5 dokumentert praktisk oppl\u00e6ring.<\/p>\n","protected":false},"author":1,"featured_media":0,"parent":0,"menu_order":0,"comment_status":"closed","ping_status":"closed","template":"","meta":{"_regular_price":[],"currency_symbol":[],"ub_ctt_via":"","footnotes":""},"class_list":["post-7391","page","type-page","status-publish","hentry"],"post_slider_layout_featured_media_urls":{"thumbnail":"","post_slider_layout_landscape_large":"","post_slider_layout_portrait_large":"","post_slider_layout_square_large":"","post_slider_layout_landscape":"","post_slider_layout_portrait":"","post_slider_layout_square":"","full":""},"featured_image_src":null,"_links":{"self":[{"href":"https:\/\/minilink.no\/kurs\/wp-json\/wp\/v2\/pages\/7391","targetHints":{"allow":["GET"]}}],"collection":[{"href":"https:\/\/minilink.no\/kurs\/wp-json\/wp\/v2\/pages"}],"about":[{"href":"https:\/\/minilink.no\/kurs\/wp-json\/wp\/v2\/types\/page"}],"author":[{"embeddable":true,"href":"https:\/\/minilink.no\/kurs\/wp-json\/wp\/v2\/users\/1"}],"replies":[{"embeddable":true,"href":"https:\/\/minilink.no\/kurs\/wp-json\/wp\/v2\/comments?post=7391"}],"version-history":[{"count":3,"href":"https:\/\/minilink.no\/kurs\/wp-json\/wp\/v2\/pages\/7391\/revisions"}],"predecessor-version":[{"id":7400,"href":"https:\/\/minilink.no\/kurs\/wp-json\/wp\/v2\/pages\/7391\/revisions\/7400"}],"wp:attachment":[{"href":"https:\/\/minilink.no\/kurs\/wp-json\/wp\/v2\/media?parent=7391"}],"curies":[{"name":"wp","href":"https:\/\/api.w.org\/{rel}","templated":true}]}}