{"id":7461,"date":"2022-04-29T12:29:34","date_gmt":"2022-04-29T10:29:34","guid":{"rendered":"https:\/\/minilink.no\/kurs\/?page_id=7461"},"modified":"2022-04-29T12:30:58","modified_gmt":"2022-04-29T10:30:58","slug":"logg-inn","status":"publish","type":"page","link":"https:\/\/minilink.no\/kurs\/logg-inn\/","title":{"rendered":"Reset passord"},"content":{"rendered":"\n<p>Du f\u00e5r en e-post som du kan bruke for \u00e5 tilbakestille passordet.<br>Sjekk i s\u00f8ppelfilteret om du ikke finner e-posten eller kontakt oss.<\/p>\n\n\n<!-- This form was created and powered by ProfilePress WordPress plugin - https:\/\/profilepress.net -->\r\n<style type=\"text\/css\">\r\n @import url('https:\/\/fonts.googleapis.com\/css?family=Merriweather:300,400,600,700&display=swap');#pp-password-reset-1-wrap .profilepress-reset-status {border-radius:5px;font-size:16px;line-height:1.471;padding:10px;background-color:#e74c3c;color:#ffffff;font-weight:normal;text-align:center;vertical-align:middle;margin:10px 0;-webkit-box-sizing:border-box;-moz-box-sizing:border-box;box-sizing:border-box;max-width:100%;}#pp-password-reset-1-wrap .profilepress-reset-status.success {background-color:#2ecc71;color:#ffffff;}#pp-password-reset-1-wrap .profilepress-reset-status a {color:#fff;text-decoration:underline;}#pp-password-reset-1-wrap.pp-form-container {max-width:400px !important;width:100%;margin:0 auto;}.pp-form-container #pp-password-reset-1.ppBuildScratch {background:#ffffff;color:#69717a;font-size:14px;}.pp-form-container #pp-password-reset-1.ppBuildScratch .pp-form-field-wrap .pp-form-field-input-textarea-wrap {position:relative;}.pp-form-container #pp-password-reset-1.ppBuildScratch,.pp-form-container #pp-password-reset-1.ppBuildScratch * {font-family:'Merriweather',-apple-system,BlinkMacSystemFont,\"Segoe UI\",Roboto,Oxygen-Sans,Ubuntu,Cantarell,\"Helvetica Neue\",sans-serif;}.pp-form-container #pp-password-reset-1.ppBuildScratch .pp-form-field-wrap input,.pp-form-container #pp-password-reset-1.ppBuildScratch .pp-form-field-wrap select,.pp-form-container #pp-password-reset-1.ppBuildScratch .pp-form-field-wrap textarea {font-size:14px;border-color:#dbdbdb;background:#ffffff;color :#69717a; }.pp-form-container #pp-password-reset-1.ppBuildScratch .pp-form-field-wrap .pp-form-material-icons {color:#666666;}.pp-form-container #pp-password-reset-1.ppBuildScratch .pp-checkbox-wrap label,.pp-form-container #pp-password-reset-1.ppBuildScratch .pp-radio-wrap label {font-size:14px;color :#69717a;vertical-align:middle;}.pp-form-container #pp-password-reset-1.ppBuildScratch .pp-form-field-wrap input[type=text]:focus,.pp-form-container #pp-password-reset-1.ppBuildScratch .pp-form-field-wrap select:focus,.pp-form-container #pp-password-reset-1.ppBuildScratch .pp-form-field-wrap textarea:focus {outline:0;background:#ffffff;border-color:#999999;box-shadow:0 0 0 1px #999999;}.pp-form-container #pp-password-reset-1.ppBuildScratch .pp-form-field-wrap ::placeholder{color:#999999;}.pp-form-container #pp-password-reset-1.ppBuildScratch .pp-form-field-wrap ::-webkit-input-placeholder{color:#999999;}.pp-form-container #pp-password-reset-1.ppBuildScratch .pp-form-field-wrap ::-moz-placeholder{color:#999999;}.pp-form-container #pp-password-reset-1.ppBuildScratch .pp-form-field-wrap :-moz-placeholder{color:#999999;}.pp-form-container #pp-password-reset-1.ppBuildScratch .pp-form-field-wrap :-ms-input-placeholder{color:#999999;}.pp-form-container #pp-password-reset-1.ppBuildScratch .ppbs-headline,.pp-form-container #pp-password-reset-1.ppBuildScratch h1,.pp-form-container #pp-password-reset-1.ppBuildScratch h2,.pp-form-container #pp-password-reset-1.ppBuildScratch h3,.pp-form-container #pp-password-reset-1.ppBuildScratch {color:#444444;}.pp-form-container #pp-password-reset-1.ppBuildScratch .pp-form-field-wrap .pp-form-label-wrap .pp-form-label {color:#444444;font-size:14px;font-weight:bold;}.pp-form-container #pp-password-reset-1.ppBuildScratch .pp-form-field-description {color:#666666;text-align:left;}.pp-form-container #pp-password-reset-1.ppBuildScratch .pp-form-submit-button-wrap input[type=\"submit\"] {font-size:16px;font-weight:bold;background:#000000;color:#ffffff;}.pp-form-container #pp-password-reset-1.ppBuildScratch .pp-form-submit-button-wrap input[type=\"submit\"]:hover,.pp-form-container #pp-password-reset-1.ppBuildScratch .pp-form-submit-button-wrap input[type=\"submit\"]:focus {background:#dbdbdb;color:#000000;}.pp-form-container div#pp-password-reset-1.ppBuildScratch a.pp-button-social-login {margin-right:6.387%;}.pp-form-container div#pp-password-reset-1.ppBuildScratch a.pp-button-social-login {display:block;height:3em;line-height:3em;text-decoration:none;margin-bottom:10px;}.pp-form-container div#pp-password-reset-1.ppBuildScratch a.pp-button-social-login .ppsc {width:3em;height:3em;}.pp-form-container div#pp-password-reset-1.ppBuildScratch a.pp-button-social-login span.ppsc-text {margin-left:50px;}.pp-form-container div#pp-registration-12.ppBuildScratch a.pp-button-social-login:last-of-type {margin-bottom:20px;}.pp-form-container .ppress-form-bottom-links {padding-top:15px;padding-bottom:15px;text-align:center;}.pp-form-container .ppress-form-bottom-links a {line-height:22px;font-size:14px;color:#69717a !important;display:inline-block;text-decoration:none!important;font-weight:400;text-align:center;border-bottom:none!important;}.pp-form-container .ppress-form-bottom-links a:hover {text-decoration:underline!important;} \r\n<\/style><div id=\"pp-password-reset-1-wrap\" class=\"pp-form-container pp-password-reset-wrap\"><form data-pp-form-submit=\"passwordreset\" id='pp_password_reset_1' method=\"post\"><div id=\"pp-password-reset-1\" class=\"pp-form-wrapper pp-password-reset pp-password-reset-1 ppBuildScratch ppfl-pill ppsbl-pill ppsbw-full-width ppfs-medium ppfia-right\">\n<div class=\"ppbs-headline\">Reset Your Password<\/div>\n\n<div class=\"pp-form-field-wrap user-login fw-full field-has-icon fda-standard fld-above\"><div class=\"pp-form-field-input-textarea-wrap\"><input name=\"user_login\" type='text' title=\"Username or Email\" value=\"\" class=\"pp-form-field user-login\" id=\"33nkishmsn4g\" placeholder=\"Username or Email\"  required='required'\/><i class=\"pp-form-material-icons\">face<\/i><\/div><\/div>\n<div class=\"pp-form-submit-button-wrap\">\n<input data-pp-submit-label=\"Reset Password\" data-pp-processing-label=\"Processing\" type=\"submit\" value=\"Reset Password\" name=\"password_reset_submit\" title=\"\" class=\"pp-submit-form ppform-submit-button\"  >\n<\/div>\n<\/div>\n<div class=\"ppress-form-bottom-links\">\n    <a href=\"https:\/\/minilink.no\/kurs\/logg-inn-2\/\">Return to Login<\/a>\n<\/div><input type='hidden' name='passwordreset_form_id' value='1'><\/form><\/div>\r\n<!-- \/ ProfilePress WordPress plugin. -->\r\n\n","protected":false},"excerpt":{"rendered":"<p>Du f\u00e5r en e-post som du kan bruke for \u00e5 tilbakestille passordet.Sjekk i s\u00f8ppelfilteret om du ikke finner e-posten eller [&hellip;]<\/p>\n","protected":false},"author":1,"featured_media":0,"parent":0,"menu_order":0,"comment_status":"closed","ping_status":"closed","template":"","meta":{"_regular_price":[],"currency_symbol":[],"ub_ctt_via":"","footnotes":""},"class_list":["post-7461","page","type-page","status-publish","hentry"],"post_slider_layout_featured_media_urls":{"thumbnail":"","post_slider_layout_landscape_large":"","post_slider_layout_portrait_large":"","post_slider_layout_square_large":"","post_slider_layout_landscape":"","post_slider_layout_portrait":"","post_slider_layout_square":"","full":""},"featured_image_src":null,"_links":{"self":[{"href":"https:\/\/minilink.no\/kurs\/wp-json\/wp\/v2\/pages\/7461","targetHints":{"allow":["GET"]}}],"collection":[{"href":"https:\/\/minilink.no\/kurs\/wp-json\/wp\/v2\/pages"}],"about":[{"href":"https:\/\/minilink.no\/kurs\/wp-json\/wp\/v2\/types\/page"}],"author":[{"embeddable":true,"href":"https:\/\/minilink.no\/kurs\/wp-json\/wp\/v2\/users\/1"}],"replies":[{"embeddable":true,"href":"https:\/\/minilink.no\/kurs\/wp-json\/wp\/v2\/comments?post=7461"}],"version-history":[{"count":3,"href":"https:\/\/minilink.no\/kurs\/wp-json\/wp\/v2\/pages\/7461\/revisions"}],"predecessor-version":[{"id":7465,"href":"https:\/\/minilink.no\/kurs\/wp-json\/wp\/v2\/pages\/7461\/revisions\/7465"}],"wp:attachment":[{"href":"https:\/\/minilink.no\/kurs\/wp-json\/wp\/v2\/media?parent=7461"}],"curies":[{"name":"wp","href":"https:\/\/api.w.org\/{rel}","templated":true}]}}