{"id":2196,"date":"2022-01-15T20:31:35","date_gmt":"2022-01-15T19:31:35","guid":{"rendered":"https:\/\/minilink.no\/kurs\/produkt\/liftkurs\/"},"modified":"2025-02-04T14:17:07","modified_gmt":"2025-02-04T13:17:07","slug":"liftkurs","status":"publish","type":"product","link":"https:\/\/minilink.no\/kurs\/produkt\/liftkurs\/","title":{"rendered":"Liftkurs &#8211; Personl\u00f8fter &#8211; Klasse A+B+C"},"content":{"rendered":"<p><strong>Myndighetene stiller krav til at arbeidstakere som bruker personl\u00f8fter skal dokumentere oppl\u00e6ring i bruken av disse.<br \/>\nArbeidsgiver er ansvarlig for at arbeidstakerne har den n\u00f8dvendige oppl\u00e6ring.<br \/>\n(\u00abForskrift om utf\u00f8relse av arbeid\u00bb nr. 1357, \u00a7 10-2 Krav om dokumentert sikkerhetsoppl\u00e6ring ved bruk av arbeidsutstyr.)<\/strong><\/p>\n<p>Kurset inneholder eks emner som:<\/p>\n<ul>\n<li>Lover og forskrifter om bruk av lift<\/li>\n<li>Oppbygging av liftene<\/li>\n<li>Betjening av lift<\/li>\n<li>Brukeregenskaper<\/li>\n<li>Bruksomr\u00e5der for lift<\/li>\n<li>Vedlikehold og kontroll av lift<\/li>\n<li>Sikker bruk og betjening av lift<\/li>\n<li>Klasseinndeling. A-B-C<\/li>\n<li>Uhell og ulykker<\/li>\n<\/ul>\n<p><strong>Form\u00e5l: <\/strong><br \/>\nGi \u00f8kt kunnskap og bevisstgj\u00f8ring av sikkerhetstiltak,<br \/>\nfor \u00e5 unng\u00e5 skader og ulykker.<br \/>\nKurset gir en grunnleggende teoretisk innf\u00f8ring i sikker bruk av personl\u00f8fter.<\/p>\n<p><strong>Krav til praksis:<\/strong><br \/>\nDe typer personl\u00f8ftere\/lifter som det gis oppl\u00e6ring p\u00e5 m\u00e5 finnes fysisk tilstede under praksisdelen av oppl\u00e6ringen.<\/p>\n<p>Det anbefales \u00e5 bruke 1 personl\u00f8fter pr 3 brukere og at det tilrettelegges med et antall hjelpeinstrukt\u00f8rer i tillegg til hovedinstrukt\u00f8r tilpasset antall deltakere i praksisgruppen.<\/p>\n<p><strong>Personl\u00f8ftere har klassene:<br \/>\n<\/strong>A = Manuelt flyttbare og tilhenger monterte personl\u00f8ftere med betjening fra plattform eller kurv<br \/>\nB = Alle personl\u00f8ftere som blir forflyttet og betjent fra plattform eller kurv<br \/>\nC = Alle personl\u00f8ftere montert p\u00e5 bil- eller kj\u00f8ret\u00f8y, men betjent fra plattform eller kurv.<\/p>\n<p>Kursbevis utstedes etter hvilke klasser som dokumenteres.<br \/>\nEks. Dokumenteres ikke klasse C, s\u00e5 f\u00e5r du bevis for klass A + B<\/p>\n<p><strong>Krav til antall praksistimer:<\/strong><br \/>\nA + B = 4 timer<br \/>\nA + B + C = 6 timer<\/p>\n<p><strong>Alternativt godtas skriftlig dokumentasjon<\/strong><br \/>\nmed beskrivelse om praksis i bedriften fra arbeidsgiver,<br \/>\ni s\u00e5 fall er kravet til praksistimer:<br \/>\nA + B = 25 timer<br \/>\nA + B + C = 50 timer<\/p>\n<p>Med nye regler som hastighet p\u00e5 tilhenger.<\/p>\n<p><img loading=\"lazy\" decoding=\"async\" class=\"alignnone size-large wp-image-5000\" src=\"https:\/\/minilink.no\/kurs\/wp-content\/uploads\/2022\/01\/forside-liftkurs-1-1-738x1024.jpg\" alt=\"\" width=\"640\" height=\"888\" srcset=\"https:\/\/minilink.no\/kurs\/wp-content\/uploads\/2022\/01\/forside-liftkurs-1-1-738x1024.jpg 738w, https:\/\/minilink.no\/kurs\/wp-content\/uploads\/2022\/01\/forside-liftkurs-1-1-scaled-400x555.jpg 400w, https:\/\/minilink.no\/kurs\/wp-content\/uploads\/2022\/01\/forside-liftkurs-1-1-scaled-600x833.jpg 600w, https:\/\/minilink.no\/kurs\/wp-content\/uploads\/2022\/01\/forside-liftkurs-1-1-216x300.jpg 216w, https:\/\/minilink.no\/kurs\/wp-content\/uploads\/2022\/01\/forside-liftkurs-1-1-768x1065.jpg 768w, https:\/\/minilink.no\/kurs\/wp-content\/uploads\/2022\/01\/forside-liftkurs-1-1-1107x1536.jpg 1107w, https:\/\/minilink.no\/kurs\/wp-content\/uploads\/2022\/01\/forside-liftkurs-1-1-1476x2048.jpg 1476w, https:\/\/minilink.no\/kurs\/wp-content\/uploads\/2022\/01\/forside-liftkurs-1-1-9x12.jpg 9w, https:\/\/minilink.no\/kurs\/wp-content\/uploads\/2022\/01\/forside-liftkurs-1-1-270x375.jpg 270w, https:\/\/minilink.no\/kurs\/wp-content\/uploads\/2022\/01\/forside-liftkurs-1-1-scaled.jpg 1845w\" sizes=\"auto, (max-width: 640px) 100vw, 640px\" \/><\/p>\n","protected":false},"excerpt":{"rendered":"<p>Myndighetene stiller krav til at arbeidstakere som bruker personl\u00f8fter skal dokumentere oppl\u00e6ring i bruken av disse. Arbeidsgiver er ansvarlig for [&hellip;]<\/p>\n","protected":false},"featured_media":5004,"template":"","meta":{"_regular_price":["650"],"currency_symbol":[],"ub_ctt_via":""},"product_cat":[],"product_tag":[],"class_list":["post-2196","product","type-product","status-publish","has-post-thumbnail","hentry"],"post_slider_layout_featured_media_urls":{"thumbnail":["https:\/\/minilink.no\/kurs\/wp-content\/uploads\/2022\/01\/forside-liftkurs-1-3-150x150.jpg",150,150,true],"post_slider_layout_landscape_large":["https:\/\/minilink.no\/kurs\/wp-content\/uploads\/2022\/01\/forside-liftkurs-1-3-1200x800.jpg",1200,800,true],"post_slider_layout_portrait_large":["https:\/\/minilink.no\/kurs\/wp-content\/uploads\/2022\/01\/forside-liftkurs-1-3-1200x1800.jpg",1200,1800,true],"post_slider_layout_square_large":["https:\/\/minilink.no\/kurs\/wp-content\/uploads\/2022\/01\/forside-liftkurs-1-3-1200x1200.jpg",1200,1200,true],"post_slider_layout_landscape":["https:\/\/minilink.no\/kurs\/wp-content\/uploads\/2022\/01\/forside-liftkurs-1-3-600x400.jpg",600,400,true],"post_slider_layout_portrait":["https:\/\/minilink.no\/kurs\/wp-content\/uploads\/2022\/01\/forside-liftkurs-1-3-600x900.jpg",600,900,true],"post_slider_layout_square":["https:\/\/minilink.no\/kurs\/wp-content\/uploads\/2022\/01\/forside-liftkurs-1-3-600x600.jpg",600,600,true],"full":["https:\/\/minilink.no\/kurs\/wp-content\/uploads\/2022\/01\/forside-liftkurs-1-3-scaled.jpg",1845,2560,false]},"_links":{"self":[{"href":"https:\/\/minilink.no\/kurs\/wp-json\/wp\/v2\/product\/2196","targetHints":{"allow":["GET"]}}],"collection":[{"href":"https:\/\/minilink.no\/kurs\/wp-json\/wp\/v2\/product"}],"about":[{"href":"https:\/\/minilink.no\/kurs\/wp-json\/wp\/v2\/types\/product"}],"version-history":[{"count":1,"href":"https:\/\/minilink.no\/kurs\/wp-json\/wp\/v2\/product\/2196\/revisions"}],"predecessor-version":[{"id":8713,"href":"https:\/\/minilink.no\/kurs\/wp-json\/wp\/v2\/product\/2196\/revisions\/8713"}],"wp:featuredmedia":[{"embeddable":true,"href":"https:\/\/minilink.no\/kurs\/wp-json\/wp\/v2\/media\/5004"}],"wp:attachment":[{"href":"https:\/\/minilink.no\/kurs\/wp-json\/wp\/v2\/media?parent=2196"}],"wp:term":[{"taxonomy":"product_cat","embeddable":true,"href":"https:\/\/minilink.no\/kurs\/wp-json\/wp\/v2\/product_cat?post=2196"},{"taxonomy":"product_tag","embeddable":true,"href":"https:\/\/minilink.no\/kurs\/wp-json\/wp\/v2\/product_tag?post=2196"}],"curies":[{"name":"wp","href":"https:\/\/api.w.org\/{rel}","templated":true}]}}