{"id":2200,"date":"2021-11-26T08:35:19","date_gmt":"2021-11-26T07:35:19","guid":{"rendered":"https:\/\/minilink.no\/kurs\/produkt\/bruk-og-vedlikehold-av-motorsag\/"},"modified":"2022-10-03T15:42:58","modified_gmt":"2022-10-03T13:42:58","slug":"bruk-og-vedlikehold-av-motorsag","status":"publish","type":"product","link":"https:\/\/minilink.no\/kurs\/produkt\/bruk-og-vedlikehold-av-motorsag\/","title":{"rendered":"Bruk og vedlikehold av motorsag (Skogskurs)"},"content":{"rendered":"<p>Kurset gir dokumentert sikkerhetsoppl\u00e6ring i bruk av motorkjedesag for denne type arbeidsoppgaver, i henhold til forskriften \u00abUtf\u00f8relse av arbeid\u00bb av 1. januar 2013.<\/p>\n<p>Dette kurset er for deg som skal arbeide i skogen med motorsag.<br \/>\nDet er et utfyllende kurs i bruk av motorsag ved felling av tr\u00e6r og skogsarbeid.<\/p>\n<p><em>Arbeidstilsynets forskrift om \u00abUtf\u00f8relse av arbeid\u00bb av 1. januar 2013 setter krav til\u00a0 sikkerhetsoppl\u00e6ring. Kurset er tilpasset sikkerhetskravene for dokumentert oppl\u00e6ring n\u00e5r \u00abnormale\u00bb felle- og kviste operasjoner skal utf\u00f8res med motorsag.<\/em><\/p>\n<p>Etter \u00e5 ha gjennomf\u00f8rt dette kurset f\u00e5r deltakerne utstedt kursbevis med spesifikasjon av oppl\u00e6ringens innhold.<br \/>\nBeviset er deltakerens og arbeidsgiverens dokumentasjon p\u00e5 sikkerhetsoppl\u00e6ringen.<\/p>\n<p>Dette er et teoretisk kurs.<br \/>\nKursbevis p\u00e5 teoretisk del f\u00e5r du ved endt kurs og eksamen her automatisk.<br \/>\n<strong>For at du skal ha gyldig bevis, m\u00e5 som beskrevet over bekreftelse p\u00e5 praktisk utf\u00f8relse dokumenteres.<\/strong><\/p>\n<p>Skjema for dokumentert oppl\u00e6ring lastes ned i kurset og fylles ut av arbeidsgiver eller instrukt\u00f8r. (link nedenfor her)<\/p>\n<p><strong>Kurset inneholder:<\/strong><\/p>\n<ul>\n<li>Lover og forskrifter<\/li>\n<li>Sikkerhetsregler ved arbeid med motorkjedesag.<\/li>\n<li>Riktig og sikre felle- og kvisteteknikker.<\/li>\n<li>Bruk av arbeidsbenker.<\/li>\n<li>Nedtaking av fastfelte tr\u00e6r og sikker bruk av hjelpeutstyr.<\/li>\n<li>Kapping av stammer i spenn.<\/li>\n<li>Riktig verneutstyr, bruk og vedlikehold.<\/li>\n<li>Grunnleggende bruk av motorsag.<\/li>\n<li><strong>Praktiske \u00f8vinger. (dokumenteres f\u00f8r bevis utskrives)<br \/>\n(kursbevis for teoretisk oppl\u00e6ring f\u00e5r du etter kurset uansett)<\/strong><\/li>\n<\/ul>\n<p><a href=\"https:\/\/minilink.no\/kurs\/wp-content\/uploads\/2022\/03\/dokumentert_oppl.pdf\" target=\"_blank\" rel=\"noopener\">Skjema som m\u00e5 sendes inn til oss finner du her<\/a><\/p>\n<p>Har du g\u00e5rdsbruk eller annen eiendom med skog og lar andre sage p\u00e5 omr\u00e5det ditt anbefaler vi deg til \u00e5 f\u00e5 den som skal sage til \u00e5 fylle ut f\u00f8lgende skjema.<\/p>\n<p><a href=\"https:\/\/minilink.no\/kurs\/wp-content\/uploads\/2021\/11\/egenerkl_ring_for_vedhogger.pdf\">Egenerkl\u00e6ringsskjema for vedhogger<\/a><\/p>\n","protected":false},"excerpt":{"rendered":"<p>Kurset gir dokumentert sikkerhetsoppl\u00e6ring i bruk av motorkjedesag for denne type arbeidsoppgaver, i henhold til forskriften \u00abUtf\u00f8relse av arbeid\u00bb av [&hellip;]<\/p>\n","protected":false},"featured_media":7429,"template":"","meta":{"_regular_price":["490"],"currency_symbol":[],"ub_ctt_via":""},"product_cat":[41],"product_tag":[],"class_list":["post-2200","product","type-product","status-publish","has-post-thumbnail","hentry","product_cat-bruk-av-arbeidsutstyr"],"post_slider_layout_featured_media_urls":{"thumbnail":["https:\/\/minilink.no\/kurs\/wp-content\/uploads\/2021\/11\/reklame-forside102-150x150.jpg",150,150,true],"post_slider_layout_landscape_large":["https:\/\/minilink.no\/kurs\/wp-content\/uploads\/2021\/11\/reklame-forside102-1200x800.jpg",1200,800,true],"post_slider_layout_portrait_large":["https:\/\/minilink.no\/kurs\/wp-content\/uploads\/2021\/11\/reklame-forside102-1200x1800.jpg",1200,1800,true],"post_slider_layout_square_large":["https:\/\/minilink.no\/kurs\/wp-content\/uploads\/2021\/11\/reklame-forside102-1200x1200.jpg",1200,1200,true],"post_slider_layout_landscape":["https:\/\/minilink.no\/kurs\/wp-content\/uploads\/2021\/11\/reklame-forside102-600x400.jpg",600,400,true],"post_slider_layout_portrait":["https:\/\/minilink.no\/kurs\/wp-content\/uploads\/2021\/11\/reklame-forside102-600x900.jpg",600,900,true],"post_slider_layout_square":["https:\/\/minilink.no\/kurs\/wp-content\/uploads\/2021\/11\/reklame-forside102-600x600.jpg",600,600,true],"full":["https:\/\/minilink.no\/kurs\/wp-content\/uploads\/2021\/11\/reklame-forside102-scaled.jpg",1845,2560,false]},"_links":{"self":[{"href":"https:\/\/minilink.no\/kurs\/wp-json\/wp\/v2\/product\/2200","targetHints":{"allow":["GET"]}}],"collection":[{"href":"https:\/\/minilink.no\/kurs\/wp-json\/wp\/v2\/product"}],"about":[{"href":"https:\/\/minilink.no\/kurs\/wp-json\/wp\/v2\/types\/product"}],"version-history":[{"count":0,"href":"https:\/\/minilink.no\/kurs\/wp-json\/wp\/v2\/product\/2200\/revisions"}],"wp:featuredmedia":[{"embeddable":true,"href":"https:\/\/minilink.no\/kurs\/wp-json\/wp\/v2\/media\/7429"}],"wp:attachment":[{"href":"https:\/\/minilink.no\/kurs\/wp-json\/wp\/v2\/media?parent=2200"}],"wp:term":[{"taxonomy":"product_cat","embeddable":true,"href":"https:\/\/minilink.no\/kurs\/wp-json\/wp\/v2\/product_cat?post=2200"},{"taxonomy":"product_tag","embeddable":true,"href":"https:\/\/minilink.no\/kurs\/wp-json\/wp\/v2\/product_tag?post=2200"}],"curies":[{"name":"wp","href":"https:\/\/api.w.org\/{rel}","templated":true}]}}