{"id":2307,"date":"2022-01-15T20:29:53","date_gmt":"2022-01-15T19:29:53","guid":{"rendered":"https:\/\/minilink.no\/kurs\/?post_type=product&#038;p=2307"},"modified":"2023-08-08T14:51:46","modified_gmt":"2023-08-08T12:51:46","slug":"brukerkurs-stillas-og-stiger","status":"publish","type":"product","link":"https:\/\/minilink.no\/kurs\/produkt\/brukerkurs-stillas-og-stiger\/","title":{"rendered":"Brukerkurs stillas og stiger"},"content":{"rendered":"<p>Myndighetene innf\u00f8rte fra 1. januar 2016 nye regler om arbeid i h\u00f8yden.<br \/>\nKapittel 17 i forskrift om utf\u00f8relse av arbeid.<\/p>\n<p>I henhold til &#8220;Forskrift om utf\u00f8relse av arbeid&#8221; nr. 1357, \u00a7 17-5, skal arbeidsgiver s\u00f8rge for at arbeidstakere som bruker stillas som arbeidsplattform for \u00e5 utf\u00f8re arbeid i h\u00f8yden ha f\u00e5tt generell oppl\u00e6ring.<br \/>\nI tillegg skal det gis oppl\u00e6ring i bruk av det aktuelle stillaset, herunder en gjennomgang av veiledningen for montering, bruk og demontering, jf. \u00a7 17-8 andre ledd.<br \/>\nTilfredsstillende oppl\u00e6ring skal v\u00e6re gitt f\u00f8r arbeidet igangsettes.<\/p>\n<p><strong>Form\u00e5l<\/strong>: Kvalifisere personell for sikker bruk av stillas og stiger.<\/p>\n<p><strong>M\u00e5lgruppe<\/strong>: Personell som skal jobbe i stillas og stiger.<\/p>\n<p><strong><em>F\u00f8lgende temaer blir g\u00e5tt gjennom:<\/em><\/strong><br \/>\n<em>Lover \/regelverk<\/em><br \/>\n<em>Innf\u00f8ring i aktuelt stillas<\/em><br \/>\nGjennomgang av monteringsveiledninger<br \/>\n<em>Fallsikring og arbeid i h\u00f8yden (innf\u00f8ring)<\/em><br \/>\nEndringer, vedlikehold og ettersyn<br \/>\nGodkjenninger og merking<br \/>\nProsedyrer<\/p>\n","protected":false},"excerpt":{"rendered":"<p>Myndighetene innf\u00f8rte fra 1. januar 2016 nye regler om arbeid i h\u00f8yden. Kapittel 17 i forskrift om utf\u00f8relse av arbeid. [&hellip;]<\/p>\n","protected":false},"featured_media":4882,"template":"","meta":{"_regular_price":["690"],"currency_symbol":[],"ub_ctt_via":""},"product_cat":[42],"product_tag":[],"class_list":["post-2307","product","type-product","status-publish","has-post-thumbnail","hentry","product_cat-sikkerhet"],"post_slider_layout_featured_media_urls":{"thumbnail":["https:\/\/minilink.no\/kurs\/wp-content\/uploads\/2022\/01\/forside-brukerkurs-150x150.jpg",150,150,true],"post_slider_layout_landscape_large":["https:\/\/minilink.no\/kurs\/wp-content\/uploads\/2022\/01\/forside-brukerkurs-1200x800.jpg",1200,800,true],"post_slider_layout_portrait_large":["https:\/\/minilink.no\/kurs\/wp-content\/uploads\/2022\/01\/forside-brukerkurs-1200x1800.jpg",1200,1800,true],"post_slider_layout_square_large":["https:\/\/minilink.no\/kurs\/wp-content\/uploads\/2022\/01\/forside-brukerkurs-1200x1200.jpg",1200,1200,true],"post_slider_layout_landscape":["https:\/\/minilink.no\/kurs\/wp-content\/uploads\/2022\/01\/forside-brukerkurs-600x400.jpg",600,400,true],"post_slider_layout_portrait":["https:\/\/minilink.no\/kurs\/wp-content\/uploads\/2022\/01\/forside-brukerkurs-600x900.jpg",600,900,true],"post_slider_layout_square":["https:\/\/minilink.no\/kurs\/wp-content\/uploads\/2022\/01\/forside-brukerkurs-600x600.jpg",600,600,true],"full":["https:\/\/minilink.no\/kurs\/wp-content\/uploads\/2022\/01\/forside-brukerkurs-scaled.jpg",1845,2560,false]},"_links":{"self":[{"href":"https:\/\/minilink.no\/kurs\/wp-json\/wp\/v2\/product\/2307","targetHints":{"allow":["GET"]}}],"collection":[{"href":"https:\/\/minilink.no\/kurs\/wp-json\/wp\/v2\/product"}],"about":[{"href":"https:\/\/minilink.no\/kurs\/wp-json\/wp\/v2\/types\/product"}],"version-history":[{"count":1,"href":"https:\/\/minilink.no\/kurs\/wp-json\/wp\/v2\/product\/2307\/revisions"}],"predecessor-version":[{"id":7984,"href":"https:\/\/minilink.no\/kurs\/wp-json\/wp\/v2\/product\/2307\/revisions\/7984"}],"wp:featuredmedia":[{"embeddable":true,"href":"https:\/\/minilink.no\/kurs\/wp-json\/wp\/v2\/media\/4882"}],"wp:attachment":[{"href":"https:\/\/minilink.no\/kurs\/wp-json\/wp\/v2\/media?parent=2307"}],"wp:term":[{"taxonomy":"product_cat","embeddable":true,"href":"https:\/\/minilink.no\/kurs\/wp-json\/wp\/v2\/product_cat?post=2307"},{"taxonomy":"product_tag","embeddable":true,"href":"https:\/\/minilink.no\/kurs\/wp-json\/wp\/v2\/product_tag?post=2307"}],"curies":[{"name":"wp","href":"https:\/\/api.w.org\/{rel}","templated":true}]}}