{"id":2309,"date":"2021-11-16T19:13:59","date_gmt":"2021-11-16T18:13:59","guid":{"rendered":"https:\/\/minilink.no\/kurs\/produkt\/fallsikringskurs-arbeid-i-hoyden\/"},"modified":"2025-03-13T08:01:46","modified_gmt":"2025-03-13T07:01:46","slug":"fallsikringskurs-arbeid-i-hoyden","status":"publish","type":"product","link":"https:\/\/minilink.no\/kurs\/produkt\/fallsikringskurs-arbeid-i-hoyden\/","title":{"rendered":"Fallsikringskurs &#8211; Arbeid i h\u00f8yden"},"content":{"rendered":"<p>Hver dag arbeider mange mennesker i h\u00f8yden i milj\u00f8er hvor det er stor fallrisiko.<br \/>\nLovverk og forskrifter gir arbeidsgiveren plikt til \u00e5 s\u00f8rge for sikkert utstyr og oppl\u00e6ring av medarbeiderne sine ihht NS 9610:2020 og Forskrift om utf\u00f8relse av arbeid.<br \/>\nDen som bruker fallsikring, skal vite hvordan utstyret skal brukes, kobles sammen, testes f\u00f8r bruk.<br \/>\nMan skal ogs\u00e5 kjenne til risikoene knyttet til feil bruk og hvordan man skal vedlikeholde utstyret.<br \/>\nPraktiske \u00f8velser skal alltid v\u00e6re en del av oppl\u00e6ringen.<br \/>\nBrukeren m\u00e5 v\u00e6re kjent med risikoene knyttet til \u00e5 arbeide i et milj\u00f8 med fallrisiko, og brukeren m\u00e5 v\u00e6re egnet for arbeidet siden det kan v\u00e6re meget fysisk anstrengende.<br \/>\nVi tilbyr fallsikringskurs som dekker ditt behov<\/p>\n<p><img loading=\"lazy\" decoding=\"async\" class=\"alignnone wp-image-1285\" src=\"https:\/\/minilink.no\/kurs\/wp-content\/uploads\/2022\/01\/advarsel-skilt-1-300x217.jpg\" alt=\"\" width=\"280\" height=\"202\" srcset=\"https:\/\/minilink.no\/kurs\/wp-content\/uploads\/2022\/01\/advarsel-skilt-1-300x217.jpg 300w, https:\/\/minilink.no\/kurs\/wp-content\/uploads\/2022\/01\/advarsel-skilt-1-400x289.jpg 400w, https:\/\/minilink.no\/kurs\/wp-content\/uploads\/2022\/01\/advarsel-skilt-1-600x433.jpg 600w, https:\/\/minilink.no\/kurs\/wp-content\/uploads\/2022\/01\/advarsel-skilt-1-768x554.jpg 768w, https:\/\/minilink.no\/kurs\/wp-content\/uploads\/2022\/01\/advarsel-skilt-1.jpg 884w\" sizes=\"auto, (max-width: 280px) 100vw, 280px\" \/><img loading=\"lazy\" decoding=\"async\" class=\"alignnone wp-image-1314\" src=\"https:\/\/minilink.no\/kurs\/wp-content\/uploads\/2021\/11\/klasse-1.jpg\" alt=\"\" width=\"281\" height=\"216\" srcset=\"https:\/\/minilink.no\/kurs\/wp-content\/uploads\/2021\/11\/klasse-1.jpg 600w, https:\/\/minilink.no\/kurs\/wp-content\/uploads\/2021\/11\/klasse-1-400x308.jpg 400w, https:\/\/minilink.no\/kurs\/wp-content\/uploads\/2021\/11\/klasse-1-300x231.jpg 300w\" sizes=\"auto, (max-width: 281px) 100vw, 281px\" \/><\/p>\n<p>Dette kurset dekker behovene for: Stillas, Lift, Kum, Sjakt, Lasting\/lossing av bil, Elementbygging, Forskaling, Generell byggningsjobb, Industri arbeide etc.<br \/>\nHvis kurset ikke faller inn p\u00e5 deres bedrifts kategori, eller ditt behov s\u00e5 tilpasser vi dette uten tillegg i pris.<\/p>\n<p>Dette kurset er teoretisk del av fallsikringskurs.<br \/>\nPraktisk pr\u00f8ve kan gjennomg\u00e5s i din bedrift, og sende oss bekreftelse p\u00e5 at dette er utf\u00f8rt.<br \/>\nVeiledning for praktisk pr\u00f8ve kan oversendes til den som skal ha oppl\u00e6ringen.<\/p>\n<p>Vi kan ogs\u00e5 komme til din bedrift \u00e5 kj\u00f8re praktisk oppl\u00e6ring etter avtale.<br \/>\n(Lofoten og Vester\u00e5len)<\/p>\n<p>M\u00e5lgruppe: De som skal arbeide i h\u00f8yden, oppl\u00e6ringen anbefales ogs\u00e5 for verneombud, ledere og andre aktuelle ressurspersoner.<\/p>\n<p>det kan ogs\u00e5 lages kurs spesielt tilpasset din bedrift.<\/p>\n","protected":false},"excerpt":{"rendered":"<p>Hver dag arbeider mange mennesker i h\u00f8yden i milj\u00f8er hvor det er stor fallrisiko. Lovverk og forskrifter gir arbeidsgiveren plikt [&hellip;]<\/p>\n","protected":false},"featured_media":1558,"template":"","meta":{"_regular_price":["990"],"currency_symbol":[],"ub_ctt_via":""},"product_cat":[42],"product_tag":[],"class_list":["post-2309","product","type-product","status-publish","has-post-thumbnail","hentry","product_cat-sikkerhet"],"post_slider_layout_featured_media_urls":{"thumbnail":["https:\/\/minilink.no\/kurs\/wp-content\/uploads\/2021\/11\/fallsikringsveiledning-150x150.jpg",150,150,true],"post_slider_layout_landscape_large":["https:\/\/minilink.no\/kurs\/wp-content\/uploads\/2021\/11\/fallsikringsveiledning-1200x800.jpg",1200,800,true],"post_slider_layout_portrait_large":["https:\/\/minilink.no\/kurs\/wp-content\/uploads\/2021\/11\/fallsikringsveiledning-1200x1800.jpg",1200,1800,true],"post_slider_layout_square_large":["https:\/\/minilink.no\/kurs\/wp-content\/uploads\/2021\/11\/fallsikringsveiledning-1200x1200.jpg",1200,1200,true],"post_slider_layout_landscape":["https:\/\/minilink.no\/kurs\/wp-content\/uploads\/2021\/11\/fallsikringsveiledning-600x400.jpg",600,400,true],"post_slider_layout_portrait":["https:\/\/minilink.no\/kurs\/wp-content\/uploads\/2021\/11\/fallsikringsveiledning-600x900.jpg",600,900,true],"post_slider_layout_square":["https:\/\/minilink.no\/kurs\/wp-content\/uploads\/2021\/11\/fallsikringsveiledning-600x600.jpg",600,600,true],"full":["https:\/\/minilink.no\/kurs\/wp-content\/uploads\/2021\/11\/fallsikringsveiledning-scaled.jpg",1845,2560,false]},"_links":{"self":[{"href":"https:\/\/minilink.no\/kurs\/wp-json\/wp\/v2\/product\/2309","targetHints":{"allow":["GET"]}}],"collection":[{"href":"https:\/\/minilink.no\/kurs\/wp-json\/wp\/v2\/product"}],"about":[{"href":"https:\/\/minilink.no\/kurs\/wp-json\/wp\/v2\/types\/product"}],"version-history":[{"count":2,"href":"https:\/\/minilink.no\/kurs\/wp-json\/wp\/v2\/product\/2309\/revisions"}],"predecessor-version":[{"id":9469,"href":"https:\/\/minilink.no\/kurs\/wp-json\/wp\/v2\/product\/2309\/revisions\/9469"}],"wp:featuredmedia":[{"embeddable":true,"href":"https:\/\/minilink.no\/kurs\/wp-json\/wp\/v2\/media\/1558"}],"wp:attachment":[{"href":"https:\/\/minilink.no\/kurs\/wp-json\/wp\/v2\/media?parent=2309"}],"wp:term":[{"taxonomy":"product_cat","embeddable":true,"href":"https:\/\/minilink.no\/kurs\/wp-json\/wp\/v2\/product_cat?post=2309"},{"taxonomy":"product_tag","embeddable":true,"href":"https:\/\/minilink.no\/kurs\/wp-json\/wp\/v2\/product_tag?post=2309"}],"curies":[{"name":"wp","href":"https:\/\/api.w.org\/{rel}","templated":true}]}}