{"id":4429,"date":"2022-02-24T10:29:07","date_gmt":"2022-02-24T09:29:07","guid":{"rendered":"https:\/\/minilink.no\/kurs\/produkt\/krus-i-bruk-av-andedrettsvern\/"},"modified":"2025-03-07T20:50:00","modified_gmt":"2025-03-07T19:50:00","slug":"krus-i-bruk-av-andedrettsvern","status":"publish","type":"product","link":"https:\/\/minilink.no\/kurs\/produkt\/krus-i-bruk-av-andedrettsvern\/","title":{"rendered":"Kurs i bruk av \u00c5ndedrettsvern"},"content":{"rendered":"<p>Verneutstyr kan best\u00e5 av en enhet med flere funksjoner.<br \/>\nDet kan ogs\u00e5 best\u00e5 av flere separate enheter som brukes sammen eller samtidig og som beskytter mot ulike fareforhold.<br \/>\nAlt som en viktig del av en trygg arbeidsdag.<\/p>\n<p>I dette kurset av vi for oss disse punktene.<\/p>\n<ul>\n<li>Hva er st\u00f8v<\/li>\n<li>Typer \u00c5ndedrettsvern<\/li>\n<li>Valg av \u00c5ndedrettsvern<\/li>\n<li>Valg av filter og typer<\/li>\n<li>Farer ved bruk<\/li>\n<li>Bruk av \u00c5ndedrettsvern<\/li>\n<li>Vedlikehold av \u00c5ndedrettsvern<\/li>\n<li>Lover og forskrifter<\/li>\n<li>Veiledning til rett filter<\/li>\n<li>Biologiske farer<\/li>\n<\/ul>\n<p>M\u00e5let med kurset er \u00e5 gi brukere av arbeidsutstyr (\u00c5ndedrettsvern) bedre kompetanse og mindre risiko for helseskade \/ fare for d\u00f8d.<\/p>\n<p>Kurset passer for alle som har behov for \u00e5 bruke \u00e5ndedrettsvern eller filtrerende masker. Kurset omhandler ogs\u00e5 medisinske masker og munnbind<\/p>\n<p>F\u00f8r det personlige verneutstyret tas i bruk, skal arbeidsgiver<\/p>\n<ul>\n<li>informere ansatte om hvilke farer det personlige verneutstyret beskytter mot<\/li>\n<li>s\u00f8rge for at ansatte f\u00e5r forst\u00e5elig informasjon (p\u00e5 et spr\u00e5k ansatte forst\u00e5r) og n\u00f8dvendig oppl\u00e6ring i bruk av verneutstyret<\/li>\n<li>informere ansatte om hva han skal gj\u00f8re hvis det personlige verneutstyret blir \u00f8delagt under bruk eller p\u00e5 annen m\u00e5te f\u00e5r nedsatt verneeffekt<\/li>\n<\/ul>\n","protected":false},"excerpt":{"rendered":"<p>Verneutstyr kan best\u00e5 av en enhet med flere funksjoner. Det kan ogs\u00e5 best\u00e5 av flere separate enheter som brukes sammen [&hellip;]<\/p>\n","protected":false},"featured_media":4430,"template":"","meta":{"_regular_price":["199"],"currency_symbol":[],"ub_ctt_via":""},"product_cat":[],"product_tag":[],"class_list":["post-4429","product","type-product","status-publish","has-post-thumbnail","hentry"],"post_slider_layout_featured_media_urls":{"thumbnail":["https:\/\/minilink.no\/kurs\/wp-content\/uploads\/2022\/02\/forside-andedrett-150x150.jpg",150,150,true],"post_slider_layout_landscape_large":["https:\/\/minilink.no\/kurs\/wp-content\/uploads\/2022\/02\/forside-andedrett-1200x800.jpg",1200,800,true],"post_slider_layout_portrait_large":["https:\/\/minilink.no\/kurs\/wp-content\/uploads\/2022\/02\/forside-andedrett-1200x1800.jpg",1200,1800,true],"post_slider_layout_square_large":["https:\/\/minilink.no\/kurs\/wp-content\/uploads\/2022\/02\/forside-andedrett-1200x1200.jpg",1200,1200,true],"post_slider_layout_landscape":["https:\/\/minilink.no\/kurs\/wp-content\/uploads\/2022\/02\/forside-andedrett-600x400.jpg",600,400,true],"post_slider_layout_portrait":["https:\/\/minilink.no\/kurs\/wp-content\/uploads\/2022\/02\/forside-andedrett-600x900.jpg",600,900,true],"post_slider_layout_square":["https:\/\/minilink.no\/kurs\/wp-content\/uploads\/2022\/02\/forside-andedrett-600x600.jpg",600,600,true],"full":["https:\/\/minilink.no\/kurs\/wp-content\/uploads\/2022\/02\/forside-andedrett-scaled.jpg",1845,2560,false]},"_links":{"self":[{"href":"https:\/\/minilink.no\/kurs\/wp-json\/wp\/v2\/product\/4429","targetHints":{"allow":["GET"]}}],"collection":[{"href":"https:\/\/minilink.no\/kurs\/wp-json\/wp\/v2\/product"}],"about":[{"href":"https:\/\/minilink.no\/kurs\/wp-json\/wp\/v2\/types\/product"}],"version-history":[{"count":1,"href":"https:\/\/minilink.no\/kurs\/wp-json\/wp\/v2\/product\/4429\/revisions"}],"predecessor-version":[{"id":9451,"href":"https:\/\/minilink.no\/kurs\/wp-json\/wp\/v2\/product\/4429\/revisions\/9451"}],"wp:featuredmedia":[{"embeddable":true,"href":"https:\/\/minilink.no\/kurs\/wp-json\/wp\/v2\/media\/4430"}],"wp:attachment":[{"href":"https:\/\/minilink.no\/kurs\/wp-json\/wp\/v2\/media?parent=4429"}],"wp:term":[{"taxonomy":"product_cat","embeddable":true,"href":"https:\/\/minilink.no\/kurs\/wp-json\/wp\/v2\/product_cat?post=4429"},{"taxonomy":"product_tag","embeddable":true,"href":"https:\/\/minilink.no\/kurs\/wp-json\/wp\/v2\/product_tag?post=4429"}],"curies":[{"name":"wp","href":"https:\/\/api.w.org\/{rel}","templated":true}]}}