{"id":6320,"date":"2022-04-05T18:57:37","date_gmt":"2022-04-05T16:57:37","guid":{"rendered":"https:\/\/minilink.no\/kurs\/produkt\/brannvern-landbruk\/"},"modified":"2022-10-03T15:39:10","modified_gmt":"2022-10-03T13:39:10","slug":"brannvern-landbruk","status":"publish","type":"product","link":"https:\/\/minilink.no\/kurs\/produkt\/brannvern-landbruk\/","title":{"rendered":"Brannvern landbruk"},"content":{"rendered":"<p>For mange bedrifter kan det v\u00e6re b\u00e5de kostbart og vanskelig \u00e5 ha tid til \u00e5 sende ansatte p\u00e5 klasseromskurs.<br \/>\nDette har vi tatt konsekvensen av og har derfor laget et e-kurs<br \/>\nEtter endt kurs er det en test som man m\u00e5 best\u00e5 for \u00e5 f\u00e5 utstedt kursbevis.<br \/>\nDet er mulig \u00e5 ta testen flere ganger om man ikke best\u00e5r f\u00f8rste gang.<\/p>\n<p>Det er for alle virksomheter p\u00e5lagt \u00e5 avholde brannvernoppl\u00e6ring.<br \/>\nDette gjelder eksempelvis barnehager, sykehjem, skoler, behandlingsinstitusjoner, landbruk, industri og kj\u00f8pesentre etc&#8230;<\/p>\n<p class=\"BasicParagraph\"><b>KURSET PASSER FOR:<\/b><\/p>\n<ul>\n<li>\u00a0Alle som ikke har kjennskap til brannforebygging og brannbekjempelse\u00a0fra f\u00f8r.<\/li>\n<li class=\"BasicParagraph\">\u00a0Alle som trenger en oppfriskning p\u00e5 grunniv\u00e5.<\/li>\n<li class=\"BasicParagraph\">\u00a0Alle privatpersoner.<\/li>\n<li class=\"BasicParagraph\">\u00a0Ansatte og ledere i en landbruksbedrift.<\/li>\n<\/ul>\n<p>Som g\u00e5rdbruker kan en brann f\u00e5 ekstra dramatiske konsekvenser.<br \/>\nDu kan st\u00e5 i fare for \u00e5 miste hjemmet ditt, arbeidet og dyrene dine samtidig.<br \/>\nBrannforebygging kan derfor v\u00e6re den beste forsikringen du noen gang velger.<\/p>\n<p>Branner i landbruket er et stort problem og s\u00e6rlig n\u00e5r driftsbygninger med dyr eller boliger blir rammet.<\/p>\n<p>I 2019 ble det registrert 132 branner i driftsbygninger og 179 boligbranner med skade p\u00e5 over 100 000 kroner p\u00e5 norske g\u00e5rdsbruk.<\/p>\n<p>Det er viktig at du har en plan for hva dere gj\u00f8r i tilfelle brann.<br \/>\nAlle p\u00e5 g\u00e5rden b\u00f8r \u00f8ve p\u00e5 brannvern, slik at alle vet hva man gj\u00f8r om det skulle skje.<\/p>\n<h4>M\u00e5l for kurset:<\/h4>\n<p>Gi oppl\u00e6ring i brannvern for landbruket.<br \/>\nEtter kurset er ferdig skal du kunne forberede deg med rutiner og forebygging av brann.<br \/>\nDu skal kunne vite hva du gj\u00f8re om det oppst\u00e5r en brann og hvordan du evakuerer deg, ansatte og dyrene dine.<br \/>\n\u00d8ke sikkerheten og kompetansen for de ansatte i brann brannvern<br \/>\nGi bedre fokus p\u00e5 brannvern<\/p>\n<h4>M\u00e5lgruppe:<\/h4>\n<p>Alle som jobber i landbruket: ledere-ansatte-vikarer\/avl\u00f8sere-familiemedlemmer<\/p>\n<p>Etter endt kurs og best\u00e5tt eksamen f\u00e5r deltaker utstedt kursbevis, dette oppbevares i personalsystem (HMS systemet) til bedriften slik at det kan fremvises ved foresp\u00f8rsel etter dokumentasjon.<\/p>\n","protected":false},"excerpt":{"rendered":"<p>For mange bedrifter kan det v\u00e6re b\u00e5de kostbart og vanskelig \u00e5 ha tid til \u00e5 sende ansatte p\u00e5 klasseromskurs. Dette [&hellip;]<\/p>\n","protected":false},"featured_media":6363,"template":"","meta":{"_regular_price":["590"],"currency_symbol":[],"ub_ctt_via":""},"product_cat":[],"product_tag":[],"class_list":["post-6320","product","type-product","status-publish","has-post-thumbnail","hentry"],"post_slider_layout_featured_media_urls":{"thumbnail":["https:\/\/minilink.no\/kurs\/wp-content\/uploads\/2022\/04\/brannvern-landbruket-forside-150x150.jpg",150,150,true],"post_slider_layout_landscape_large":["https:\/\/minilink.no\/kurs\/wp-content\/uploads\/2022\/04\/brannvern-landbruket-forside-1200x800.jpg",1200,800,true],"post_slider_layout_portrait_large":["https:\/\/minilink.no\/kurs\/wp-content\/uploads\/2022\/04\/brannvern-landbruket-forside-1200x1800.jpg",1200,1800,true],"post_slider_layout_square_large":["https:\/\/minilink.no\/kurs\/wp-content\/uploads\/2022\/04\/brannvern-landbruket-forside-1200x1200.jpg",1200,1200,true],"post_slider_layout_landscape":["https:\/\/minilink.no\/kurs\/wp-content\/uploads\/2022\/04\/brannvern-landbruket-forside-600x400.jpg",600,400,true],"post_slider_layout_portrait":["https:\/\/minilink.no\/kurs\/wp-content\/uploads\/2022\/04\/brannvern-landbruket-forside-600x900.jpg",600,900,true],"post_slider_layout_square":["https:\/\/minilink.no\/kurs\/wp-content\/uploads\/2022\/04\/brannvern-landbruket-forside-600x600.jpg",600,600,true],"full":["https:\/\/minilink.no\/kurs\/wp-content\/uploads\/2022\/04\/brannvern-landbruket-forside-scaled.jpg",1845,2560,false]},"_links":{"self":[{"href":"https:\/\/minilink.no\/kurs\/wp-json\/wp\/v2\/product\/6320","targetHints":{"allow":["GET"]}}],"collection":[{"href":"https:\/\/minilink.no\/kurs\/wp-json\/wp\/v2\/product"}],"about":[{"href":"https:\/\/minilink.no\/kurs\/wp-json\/wp\/v2\/types\/product"}],"version-history":[{"count":0,"href":"https:\/\/minilink.no\/kurs\/wp-json\/wp\/v2\/product\/6320\/revisions"}],"wp:featuredmedia":[{"embeddable":true,"href":"https:\/\/minilink.no\/kurs\/wp-json\/wp\/v2\/media\/6363"}],"wp:attachment":[{"href":"https:\/\/minilink.no\/kurs\/wp-json\/wp\/v2\/media?parent=6320"}],"wp:term":[{"taxonomy":"product_cat","embeddable":true,"href":"https:\/\/minilink.no\/kurs\/wp-json\/wp\/v2\/product_cat?post=6320"},{"taxonomy":"product_tag","embeddable":true,"href":"https:\/\/minilink.no\/kurs\/wp-json\/wp\/v2\/product_tag?post=6320"}],"curies":[{"name":"wp","href":"https:\/\/api.w.org\/{rel}","templated":true}]}}