{"id":6464,"date":"2022-04-09T23:28:13","date_gmt":"2022-04-09T21:28:13","guid":{"rendered":"https:\/\/minilink.no\/kurs\/?post_type=product&#038;p=6464"},"modified":"2023-11-26T12:31:23","modified_gmt":"2023-11-26T11:31:23","slug":"brannvern-skole-og-barnehage","status":"publish","type":"product","link":"https:\/\/minilink.no\/kurs\/produkt\/brannvern-skole-og-barnehage\/","title":{"rendered":"Brannvern Skole og Barnehage"},"content":{"rendered":"<p>Ansatte i skole og barnehage har ansvaret for barnas sikkerhet i den tiden de oppholder seg i skolen eller barnehagen.<br \/>\nBrann p\u00e5 en skole eller i barnehage kan f\u00e5 sv\u00e6rt alvorlige f\u00f8lger<\/p>\n<p>For mange bedrifter kan det v\u00e6re b\u00e5de kostbart og vanskelig \u00e5 ha tid til \u00e5 sende ansatte p\u00e5 klasseromskurs.<br \/>\nDette har vi tatt konsekvensen av og har derfor laget et e-kurs<br \/>\nEtter endt kurs er det en test som man m\u00e5 best\u00e5 for \u00e5 f\u00e5 utstedt kursbevis.<br \/>\nDet er mulig \u00e5 ta testen flere ganger om man ikke best\u00e5r f\u00f8rste gang.<\/p>\n<p>Det er for alle virksomheter p\u00e5lagt \u00e5 avholde brannvernoppl\u00e6ring.<br \/>\nDette gjelder eksempelvis barnehager, sykehjem, skoler, behandlingsinstitusjoner, landbruk, industri og kj\u00f8pesentre etc\u2026<\/p>\n<p><em>\u00abN\u00e5r det oppst\u00e5r brann er det viktig at man kommer seg raskt og rolig ut av bygget. Lukk d\u00f8rer og vinduer p\u00e5\u00a0veien dersom det er tid til det.\u00a0En barnehage eller skole har etter\u00a0forskriftene mye innebygget\u00a0brannsikkerhet. B\u00e5de for \u00e5 f\u00e5\u00a0tidlig varsling om brann, for \u00e5\u00a0forsinke spredning av brann, og for\u00a0\u00e5 kunne slukke en brann.\u00a0Alle skoler er forskjellige, s\u00e5 det\u00a0er viktig at alle er kjent med\u00a0hvordan det fungerer der du jobber.\u00bb<\/em><\/p>\n<p class=\"BasicParagraph\"><b>KURSET PASSER FOR:<\/b><\/p>\n<ul>\n<li>\u00a0Alle som ikke har kjennskap til brannforebygging og brannbekjempelse\u00a0fra f\u00f8r.<\/li>\n<li class=\"BasicParagraph\">\u00a0Alle som trenger en oppfriskning p\u00e5 grunniv\u00e5.<\/li>\n<li class=\"BasicParagraph\">\u00a0Ansatte og ledere i en skole eller barnehage.<\/li>\n<\/ul>\n<p>Ansatte i skole og barnehage har ansvaret for barnas sikkerhet i den tiden de oppholder seg i skolen eller barnehagen.<br \/>\nBrann p\u00e5 en skole eller i barnehage kan f\u00e5 sv\u00e6rt alvorlige f\u00f8lger.<\/p>\n<p>Flere bransjer som eksempelvis barnehager, sykehjem, behandlingsinstitusjoner, skoler, industri, butikker og kj\u00f8pesenter er p\u00e5lagt \u00e5 gjennomf\u00f8re brannvernoppl\u00e6ring.<\/p>\n<p>Kurset er i henhold til Forskrift om brannforebygging.<br \/>\nEier skal ha kunnskap om brannsikkerhet i byggverk\u00a0<em>(\u00a7 4).<\/em><br \/>\nPersoner med arbeidsplass i byggverket skal ha tilstrekkelige kunnskaper og ferdigheter i \u00e5 forebygge og bekjempe brann (<em>\u00a7 12).<\/em><\/p>\n<h4>Form\u00e5l:<\/h4>\n<p>Gi oppl\u00e6ring i brannvern<br \/>\n\u00d8ke sikkerheten for de ansatte ved en eventuell brann<br \/>\n\u00d8ke kompetansen for ansatte vedr. brannvern<br \/>\nGi bedre fokus p\u00e5 brannvern<\/p>\n<p>Etter endt kurs og best\u00e5tt eksamen f\u00e5r deltaker utstedt kursbevis, dette oppbevares i personalsystem (HMS systemet) til bedriften slik at det kan fremvises ved foresp\u00f8rsel etter dokumentasjon.<\/p>\n","protected":false},"excerpt":{"rendered":"<p>Ansatte i skole og barnehage har ansvaret for barnas sikkerhet i den tiden de oppholder seg i skolen eller barnehagen. [&hellip;]<\/p>\n","protected":false},"featured_media":6511,"template":"","meta":{"_regular_price":["790"],"currency_symbol":[],"ub_ctt_via":""},"product_cat":[39],"product_tag":[],"class_list":["post-6464","product","type-product","status-publish","has-post-thumbnail","hentry","product_cat-hms"],"post_slider_layout_featured_media_urls":{"thumbnail":["https:\/\/minilink.no\/kurs\/wp-content\/uploads\/2022\/04\/brannvern-skole-forside-150x150.jpg",150,150,true],"post_slider_layout_landscape_large":["https:\/\/minilink.no\/kurs\/wp-content\/uploads\/2022\/04\/brannvern-skole-forside-1200x800.jpg",1200,800,true],"post_slider_layout_portrait_large":["https:\/\/minilink.no\/kurs\/wp-content\/uploads\/2022\/04\/brannvern-skole-forside-1200x1800.jpg",1200,1800,true],"post_slider_layout_square_large":["https:\/\/minilink.no\/kurs\/wp-content\/uploads\/2022\/04\/brannvern-skole-forside-1200x1200.jpg",1200,1200,true],"post_slider_layout_landscape":["https:\/\/minilink.no\/kurs\/wp-content\/uploads\/2022\/04\/brannvern-skole-forside-600x400.jpg",600,400,true],"post_slider_layout_portrait":["https:\/\/minilink.no\/kurs\/wp-content\/uploads\/2022\/04\/brannvern-skole-forside-600x900.jpg",600,900,true],"post_slider_layout_square":["https:\/\/minilink.no\/kurs\/wp-content\/uploads\/2022\/04\/brannvern-skole-forside-600x600.jpg",600,600,true],"full":["https:\/\/minilink.no\/kurs\/wp-content\/uploads\/2022\/04\/brannvern-skole-forside-scaled.jpg",1845,2560,false]},"_links":{"self":[{"href":"https:\/\/minilink.no\/kurs\/wp-json\/wp\/v2\/product\/6464","targetHints":{"allow":["GET"]}}],"collection":[{"href":"https:\/\/minilink.no\/kurs\/wp-json\/wp\/v2\/product"}],"about":[{"href":"https:\/\/minilink.no\/kurs\/wp-json\/wp\/v2\/types\/product"}],"version-history":[{"count":1,"href":"https:\/\/minilink.no\/kurs\/wp-json\/wp\/v2\/product\/6464\/revisions"}],"predecessor-version":[{"id":8410,"href":"https:\/\/minilink.no\/kurs\/wp-json\/wp\/v2\/product\/6464\/revisions\/8410"}],"wp:featuredmedia":[{"embeddable":true,"href":"https:\/\/minilink.no\/kurs\/wp-json\/wp\/v2\/media\/6511"}],"wp:attachment":[{"href":"https:\/\/minilink.no\/kurs\/wp-json\/wp\/v2\/media?parent=6464"}],"wp:term":[{"taxonomy":"product_cat","embeddable":true,"href":"https:\/\/minilink.no\/kurs\/wp-json\/wp\/v2\/product_cat?post=6464"},{"taxonomy":"product_tag","embeddable":true,"href":"https:\/\/minilink.no\/kurs\/wp-json\/wp\/v2\/product_tag?post=6464"}],"curies":[{"name":"wp","href":"https:\/\/api.w.org\/{rel}","templated":true}]}}