{"id":6513,"date":"2022-04-10T00:16:16","date_gmt":"2022-04-09T22:16:16","guid":{"rendered":"https:\/\/minilink.no\/kurs\/?post_type=product&#038;p=6513"},"modified":"2025-12-04T10:57:38","modified_gmt":"2025-12-04T09:57:38","slug":"brannvern-helse-og-omsorg","status":"publish","type":"product","link":"https:\/\/minilink.no\/kurs\/produkt\/brannvern-helse-og-omsorg\/","title":{"rendered":"Brannvern Helse og Omsorg"},"content":{"rendered":"<p>Kurs i brannvern for ansatte i helse og omsorgssektoren.<br \/>\nKurset er utarbeidet for \u00e5 gi best mulig innf\u00f8ring i brannvern i helse og omsorgs bedrifter.<\/p>\n<h6><em><strong>Forskriften krever at alle ansatte i helseinstitusjoner skal v\u00e6re med p\u00e5\u00a0 brannvernoppl\u00e6ring og brann\u00f8velser.<\/strong><\/em><\/h6>\n<p><em>Kurset kan tilpasses din egen bedrift om dere tar kontakt, s\u00e5 kan vi legge inn r\u00f8mningsplan og andre krav som dere har internt i bedriften.<\/em><br \/>\n<em>Har deres bedrift egen brannverninstruks og internforskrifter for brannvern kan dette ogs\u00e5 legges i deres kurs. (Kurset blir bare tilgjengelig for deres ansatte)<\/em><br \/>\n<em>Ta kontakt med oss for \u00e5 utarbeide kurs som tilpasses deres bedrift.<br \/>\nDette gj\u00f8res uten ekstra kostnad.<\/em><\/p>\n<p class=\"BasicParagraph\"><b>KURSET PASSER FOR:<\/b><\/p>\n<ul>\n<li>\u00a0Alle som ikke har kjennskap til brannforebygging og brannbekjempelse\u00a0fra f\u00f8r.<\/li>\n<li class=\"BasicParagraph\">\u00a0Alle som trenger en oppfriskning p\u00e5 grunniv\u00e5.<\/li>\n<li class=\"BasicParagraph\">\u00a0Ansatte og ledere i helse og omsorgsyrker.<\/li>\n<\/ul>\n<p>Flere bransjer som eksempelvis barnehager, sykehjem, behandlingsinstitusjoner, skoler, industri, butikker og kj\u00f8pesenter er p\u00e5lagt \u00e5 gjennomf\u00f8re brannvernoppl\u00e6ring.<\/p>\n<p>Kurset er i henhold til Forskrift om brannforebygging.<br \/>\nEier skal ha kunnskap om brannsikkerhet i byggverk\u00a0<em>(\u00a7 4).<\/em><br \/>\nPersoner med arbeidsplass i byggverket skal ha tilstrekkelige kunnskaper og ferdigheter i \u00e5 forebygge og bekjempe brann (<em>\u00a7 12).<\/em><\/p>\n<h4>Form\u00e5l:<\/h4>\n<p>Gi oppl\u00e6ring i brannvern<br \/>\n\u00d8ke sikkerheten for de ansatte ved en eventuell brann<br \/>\n\u00d8ke kompetansen for ansatte vedr. brannvern<br \/>\nGi bedre fokus p\u00e5 brannvern<\/p>\n<p>Etter endt kurs og best\u00e5tt eksamen f\u00e5r deltaker utstedt kursbevis, dette oppbevares i personalsystem (HMS systemet) til bedriften slik at det kan fremvises ved foresp\u00f8rsel etter dokumentasjon.<\/p>\n","protected":false},"excerpt":{"rendered":"<p>Kurs i brannvern for ansatte i helse og omsorgssektoren. Kurset er utarbeidet for \u00e5 gi best mulig innf\u00f8ring i brannvern [&hellip;]<\/p>\n","protected":false},"featured_media":6556,"template":"","meta":{"_regular_price":["390"],"currency_symbol":[],"ub_ctt_via":""},"product_cat":[],"product_tag":[],"class_list":["post-6513","product","type-product","status-publish","has-post-thumbnail","hentry"],"post_slider_layout_featured_media_urls":{"thumbnail":["https:\/\/minilink.no\/kurs\/wp-content\/uploads\/2022\/04\/brannvern-helse-forside-150x150.jpg",150,150,true],"post_slider_layout_landscape_large":["https:\/\/minilink.no\/kurs\/wp-content\/uploads\/2022\/04\/brannvern-helse-forside-1200x800.jpg",1200,800,true],"post_slider_layout_portrait_large":["https:\/\/minilink.no\/kurs\/wp-content\/uploads\/2022\/04\/brannvern-helse-forside-1200x1800.jpg",1200,1800,true],"post_slider_layout_square_large":["https:\/\/minilink.no\/kurs\/wp-content\/uploads\/2022\/04\/brannvern-helse-forside-1200x1200.jpg",1200,1200,true],"post_slider_layout_landscape":["https:\/\/minilink.no\/kurs\/wp-content\/uploads\/2022\/04\/brannvern-helse-forside-600x400.jpg",600,400,true],"post_slider_layout_portrait":["https:\/\/minilink.no\/kurs\/wp-content\/uploads\/2022\/04\/brannvern-helse-forside-600x900.jpg",600,900,true],"post_slider_layout_square":["https:\/\/minilink.no\/kurs\/wp-content\/uploads\/2022\/04\/brannvern-helse-forside-600x600.jpg",600,600,true],"full":["https:\/\/minilink.no\/kurs\/wp-content\/uploads\/2022\/04\/brannvern-helse-forside-scaled.jpg",1845,2560,false]},"_links":{"self":[{"href":"https:\/\/minilink.no\/kurs\/wp-json\/wp\/v2\/product\/6513","targetHints":{"allow":["GET"]}}],"collection":[{"href":"https:\/\/minilink.no\/kurs\/wp-json\/wp\/v2\/product"}],"about":[{"href":"https:\/\/minilink.no\/kurs\/wp-json\/wp\/v2\/types\/product"}],"version-history":[{"count":1,"href":"https:\/\/minilink.no\/kurs\/wp-json\/wp\/v2\/product\/6513\/revisions"}],"predecessor-version":[{"id":9704,"href":"https:\/\/minilink.no\/kurs\/wp-json\/wp\/v2\/product\/6513\/revisions\/9704"}],"wp:featuredmedia":[{"embeddable":true,"href":"https:\/\/minilink.no\/kurs\/wp-json\/wp\/v2\/media\/6556"}],"wp:attachment":[{"href":"https:\/\/minilink.no\/kurs\/wp-json\/wp\/v2\/media?parent=6513"}],"wp:term":[{"taxonomy":"product_cat","embeddable":true,"href":"https:\/\/minilink.no\/kurs\/wp-json\/wp\/v2\/product_cat?post=6513"},{"taxonomy":"product_tag","embeddable":true,"href":"https:\/\/minilink.no\/kurs\/wp-json\/wp\/v2\/product_tag?post=6513"}],"curies":[{"name":"wp","href":"https:\/\/api.w.org\/{rel}","templated":true}]}}