{"id":6635,"date":"2022-04-13T01:11:30","date_gmt":"2022-04-12T23:11:32","guid":{"rendered":"https:\/\/minilink.no\/kurs\/?post_type=product&#038;p=6635"},"modified":"2022-10-03T15:38:30","modified_gmt":"2022-10-03T13:38:30","slug":"brannvern-hotell-og-overnatting","status":"publish","type":"product","link":"https:\/\/minilink.no\/kurs\/produkt\/brannvern-hotell-og-overnatting\/","title":{"rendered":"Brannvern Hotell og overnatting"},"content":{"rendered":"<h3>Hvem passer e-l\u00e6ringskurset for.<\/h3>\n<p>Det passer for alle som arbeider innenfor hotell og overnattingsbedrifter.<br \/>\n(<a href=\"https:\/\/minilink.no\/kurs\/course-category\/nettkurs\/brannvern\/\">Vi tilbyr ogs\u00e5 andre brannvernkurs.<\/a>)<\/p>\n<h3>Hvorfor kurs i brannvern?<\/h3>\n<p>I forskrift om brannforebyggende tiltak og tilsyn \u00a7 3 &#8211; 3 st\u00e5r det f\u00f8lgende:<\/p>\n<p><em>I ethvert s\u00e6rskilt brannobjekt skal alle ansatte og ledere ha brannvernoppl\u00e6ring og gjennomf\u00f8re regelmessige brann\u00f8velser som st\u00e5r i forhold til risikoen i objektet. Nyansatte og vikarer skal ha tilstrekkelig informasjon om opptreden i en brannsituasjon f\u00f8r de settes i arbeid.\u00a0<\/em><a class=\"tve-froala\" href=\"https:\/\/lovdata.no\/dokument\/LTI\/forskrift\/2002-06-26-847\" target=\"_blank\" rel=\"noopener\"><em>Lovdata<\/em><\/a><em>.<\/em><\/p>\n<p>Det vil si at de ansatte skal ha oppl\u00e6ring i:<\/p>\n<ul class=\"\">\n<li>Branners fysiske og kjemiske egenskaper og s\u00e6rskilte risikoer<\/li>\n<li>R\u00f8mningsveier, m\u00f8teplasser og passive og aktive brannsikringstiltak i byggverket<\/li>\n<li>Effekt av forebyggende tekniske og organisatoriske brannverntiltak<\/li>\n<li>Den enkeltes ansvar og plikter, informasjon om brannvernlederens og lederes ansvar, myndighet og plikter<\/li>\n<li>Oppl\u00e6ring i bruk av slokkemiddel, evakuering av personer og strakstiltak for \u00e5 hindre r\u00f8yk- og brannspredning<\/li>\n<li>Branninstrukser og beredskapsplaner<\/li>\n<\/ul>\n<p>V\u00e5rt nettkurs for brannvern kan hjelpe deg med \u00e5 dekke dette, og du f\u00e5r dokumentert oppl\u00e6ringen p\u00e5 dine ansatte.<br \/>\nNettkurset er effektivt og tidsbesparende for de som ofte har vikarer.<\/p>\n<h3>M\u00e5l for kurset<\/h3>\n<p>Gi tilstrekkelige kunnskaper og ferdigheter i \u00e5 forebygge og bekjempe brann.<\/p>\n<h3>Kursbevis:<\/h3>\n<p>N\u00e5r kurset er gjennomf\u00f8rt og eksamen best\u00e5tt f\u00e5r du automatisk utsted kursbevis.<br \/>\nDette finner du ogs\u00e5 igjen p\u00e5 din profil i etterkant.<\/p>\n<h3>Gyldighet:<\/h3>\n<p>Kursbeviset er gyldig i 12 m\u00e5neder fra kurset er fullf\u00f8rt.<br \/>\nDet er krav om gjennomf\u00f8ring av brannvern hver 12. m\u00e5ned.<\/p>\n","protected":false},"excerpt":{"rendered":"<p>Hvem passer e-l\u00e6ringskurset for. Det passer for alle som arbeider innenfor hotell og overnattingsbedrifter. (Vi tilbyr ogs\u00e5 andre brannvernkurs.) Hvorfor [&hellip;]<\/p>\n","protected":false},"featured_media":6741,"template":"","meta":{"_regular_price":["790"],"currency_symbol":[],"ub_ctt_via":""},"product_cat":[],"product_tag":[],"class_list":["post-6635","product","type-product","status-publish","has-post-thumbnail","hentry"],"post_slider_layout_featured_media_urls":{"thumbnail":["https:\/\/minilink.no\/kurs\/wp-content\/uploads\/2022\/04\/brannvern-overnatting-forside-150x150.jpg",150,150,true],"post_slider_layout_landscape_large":["https:\/\/minilink.no\/kurs\/wp-content\/uploads\/2022\/04\/brannvern-overnatting-forside-1200x800.jpg",1200,800,true],"post_slider_layout_portrait_large":["https:\/\/minilink.no\/kurs\/wp-content\/uploads\/2022\/04\/brannvern-overnatting-forside-1200x1800.jpg",1200,1800,true],"post_slider_layout_square_large":["https:\/\/minilink.no\/kurs\/wp-content\/uploads\/2022\/04\/brannvern-overnatting-forside-1200x1200.jpg",1200,1200,true],"post_slider_layout_landscape":["https:\/\/minilink.no\/kurs\/wp-content\/uploads\/2022\/04\/brannvern-overnatting-forside-600x400.jpg",600,400,true],"post_slider_layout_portrait":["https:\/\/minilink.no\/kurs\/wp-content\/uploads\/2022\/04\/brannvern-overnatting-forside-600x900.jpg",600,900,true],"post_slider_layout_square":["https:\/\/minilink.no\/kurs\/wp-content\/uploads\/2022\/04\/brannvern-overnatting-forside-600x600.jpg",600,600,true],"full":["https:\/\/minilink.no\/kurs\/wp-content\/uploads\/2022\/04\/brannvern-overnatting-forside-scaled.jpg",1845,2560,false]},"_links":{"self":[{"href":"https:\/\/minilink.no\/kurs\/wp-json\/wp\/v2\/product\/6635","targetHints":{"allow":["GET"]}}],"collection":[{"href":"https:\/\/minilink.no\/kurs\/wp-json\/wp\/v2\/product"}],"about":[{"href":"https:\/\/minilink.no\/kurs\/wp-json\/wp\/v2\/types\/product"}],"version-history":[{"count":0,"href":"https:\/\/minilink.no\/kurs\/wp-json\/wp\/v2\/product\/6635\/revisions"}],"wp:featuredmedia":[{"embeddable":true,"href":"https:\/\/minilink.no\/kurs\/wp-json\/wp\/v2\/media\/6741"}],"wp:attachment":[{"href":"https:\/\/minilink.no\/kurs\/wp-json\/wp\/v2\/media?parent=6635"}],"wp:term":[{"taxonomy":"product_cat","embeddable":true,"href":"https:\/\/minilink.no\/kurs\/wp-json\/wp\/v2\/product_cat?post=6635"},{"taxonomy":"product_tag","embeddable":true,"href":"https:\/\/minilink.no\/kurs\/wp-json\/wp\/v2\/product_tag?post=6635"}],"curies":[{"name":"wp","href":"https:\/\/api.w.org\/{rel}","templated":true}]}}