{"id":8019,"date":"2023-08-21T15:20:09","date_gmt":"2023-08-21T13:20:09","guid":{"rendered":"https:\/\/minilink.no\/kurs\/produkt\/kurs-i-diisocyanater\/"},"modified":"2026-01-01T14:39:45","modified_gmt":"2026-01-01T13:39:45","slug":"kurs-i-diisocyanater","status":"publish","type":"product","link":"https:\/\/minilink.no\/kurs\/produkt\/kurs-i-diisocyanater\/","title":{"rendered":"Kurs i Diisocyanater"},"content":{"rendered":"<div class=\"ingress\">\n<p>Fra 24. august 2023 m\u00e5 alle som bruker diisocyanater og diisocyanat-holdige blandinger ha\u00a0<span class=\"ui-provider wk b c d e f g h i j k l m n o p q r s t u v w x y z ab ac ae af ag ah ai aj ak\" dir=\"ltr\">fullf\u00f8rt oppl\u00e6ring i sikker bruk.\u00a0<\/span>Oppl\u00e6ringen m\u00e5 kunne dokumenteres.<\/p>\n<\/div>\n<p>Hvert \u00e5r blir rundt 5000 arbeidstakere i Europa syke av yrkesrelaterte luftveissykdommer, blant annet astma, etter \u00e5 ha blitt eksponert for en type kjemikalier som kalles\u00a0diisocyanater\u00a0eller produkter som inneholder dette.<\/p>\n<p>Oppl\u00e6ringskravet gjelder alle arbeidsgivere, arbeidstakere og selvstendig n\u00e6ringsdrivende som\u00a0<strong>bruker<\/strong>\u00a0diisocyanater og diisocyanat-holdige blandinger og produkter med konsentrasjon p\u00e5 0,1 % (vektprosent) eller mer.<\/p>\n<p>Kravet kan for eksempel gjelde de som jobber innen<\/p>\n<ul>\n<li>bygg- og anlegg<\/li>\n<li>malings- og h\u00e5ndverkstjenester<\/li>\n<li>pleie og vedlikehold av biler og b\u00e5ter<\/li>\n<li>m\u00f8belindustri<\/li>\n<li>ulike industrielle virksomheter<\/li>\n<\/ul>\n<p>Listen er ikke utfyllende, men viser at kravet til oppl\u00e6ring gjelder flere typer bransjer og yrkesgrupper.<\/p>\n<p><strong>Kravet gjelder ogs\u00e5 for arbeidsgivere som har ansatte som kommer i kontakt med diisocyanater.<\/strong><\/p>\n<p><strong>Oppl\u00e6ringskravet gjelder ogs\u00e5 uavhengig av<\/strong><\/p>\n<ul>\n<li>hvor ofte diisocyanater og diisocyanat-holdige blandinger brukes<\/li>\n<li>om arbeidstakeren har fast eller midlertidig stilling<\/li>\n<li>hvilken stillingsprosent arbeidstakeren har<br \/>\n<strong>(Alts\u00e5 bruker du eks. 2 bokser med byggskum som inneholder diisocyanater i \u00e5ret og er 10% ansatt, s\u00e5 m\u00e5 du fremdeles ha dette kurset.)<\/strong><\/li>\n<\/ul>\n<p><em><strong>Krav for best\u00e5tt kurs.<\/strong><\/em><br \/>\nGjennomgang av kursinnhold.<br \/>\nBest\u00e5 kunnskapstest med 80% rett besvarelse<br \/>\nSamtale \/ gruppesamtale med kursholder for gjennomgang av kurs og sp\u00f8rsm\u00e5l vedr\u00f8rende diisocyanater ved behov for dette.<\/p>\n<p>Vi anbefaler ogs\u00e5 disse 2 kursene i forbindelse med dette kurset.<\/p>\n<p><a href=\"https:\/\/minilink.no\/kurs\/kurs\/kjemikaliekurs\/\" target=\"_blank\" rel=\"noopener\"><img loading=\"lazy\" decoding=\"async\" class=\"alignnone wp-image-2303 size-medium\" src=\"https:\/\/minilink.no\/kurs\/wp-content\/uploads\/2022\/01\/reklame-forside-216x300.jpg\" alt=\"\" width=\"216\" height=\"300\" data-wp-editing=\"1\" srcset=\"https:\/\/minilink.no\/kurs\/wp-content\/uploads\/2022\/01\/reklame-forside-216x300.jpg 216w, https:\/\/minilink.no\/kurs\/wp-content\/uploads\/2022\/01\/reklame-forside-scaled-400x555.jpg 400w, https:\/\/minilink.no\/kurs\/wp-content\/uploads\/2022\/01\/reklame-forside-scaled-600x833.jpg 600w, https:\/\/minilink.no\/kurs\/wp-content\/uploads\/2022\/01\/reklame-forside-738x1024.jpg 738w, https:\/\/minilink.no\/kurs\/wp-content\/uploads\/2022\/01\/reklame-forside-768x1065.jpg 768w, https:\/\/minilink.no\/kurs\/wp-content\/uploads\/2022\/01\/reklame-forside-1107x1536.jpg 1107w, https:\/\/minilink.no\/kurs\/wp-content\/uploads\/2022\/01\/reklame-forside-1476x2048.jpg 1476w, https:\/\/minilink.no\/kurs\/wp-content\/uploads\/2022\/01\/reklame-forside-scaled.jpg 1845w\" sizes=\"auto, (max-width: 216px) 100vw, 216px\" \/><\/a><a href=\"https:\/\/minilink.no\/kurs\/kurs\/kurs-i-bruk-av-andedrettsvern\/\" target=\"_blank\" rel=\"noopener\"><img loading=\"lazy\" decoding=\"async\" class=\"alignnone wp-image-4430 size-medium\" src=\"https:\/\/minilink.no\/kurs\/wp-content\/uploads\/2022\/02\/forside-andedrett-216x300.jpg\" alt=\"\" width=\"216\" height=\"300\" srcset=\"https:\/\/minilink.no\/kurs\/wp-content\/uploads\/2022\/02\/forside-andedrett-216x300.jpg 216w, https:\/\/minilink.no\/kurs\/wp-content\/uploads\/2022\/02\/forside-andedrett-scaled-400x555.jpg 400w, https:\/\/minilink.no\/kurs\/wp-content\/uploads\/2022\/02\/forside-andedrett-scaled-600x833.jpg 600w, https:\/\/minilink.no\/kurs\/wp-content\/uploads\/2022\/02\/forside-andedrett-738x1024.jpg 738w, https:\/\/minilink.no\/kurs\/wp-content\/uploads\/2022\/02\/forside-andedrett-768x1065.jpg 768w, https:\/\/minilink.no\/kurs\/wp-content\/uploads\/2022\/02\/forside-andedrett-1107x1536.jpg 1107w, https:\/\/minilink.no\/kurs\/wp-content\/uploads\/2022\/02\/forside-andedrett-1476x2048.jpg 1476w, https:\/\/minilink.no\/kurs\/wp-content\/uploads\/2022\/02\/forside-andedrett-9x12.jpg 9w, https:\/\/minilink.no\/kurs\/wp-content\/uploads\/2022\/02\/forside-andedrett-270x375.jpg 270w, https:\/\/minilink.no\/kurs\/wp-content\/uploads\/2022\/02\/forside-andedrett-scaled.jpg 1845w\" sizes=\"auto, (max-width: 216px) 100vw, 216px\" \/><\/a><\/p>\n","protected":false},"excerpt":{"rendered":"<p>Fra 24. august 2023 m\u00e5 alle som bruker diisocyanater og diisocyanat-holdige blandinger ha\u00a0fullf\u00f8rt oppl\u00e6ring i sikker bruk.\u00a0Oppl\u00e6ringen m\u00e5 kunne dokumenteres. [&hellip;]<\/p>\n","protected":false},"featured_media":8303,"template":"","meta":{"_regular_price":["199"],"currency_symbol":[],"ub_ctt_via":""},"product_cat":[27],"product_tag":[],"class_list":["post-8019","product","type-product","status-publish","has-post-thumbnail","hentry","product_cat-ukategorisert"],"post_slider_layout_featured_media_urls":{"thumbnail":["https:\/\/minilink.no\/kurs\/wp-content\/uploads\/2023\/08\/reklame-forside-1-150x150.jpg",150,150,true],"post_slider_layout_landscape_large":["https:\/\/minilink.no\/kurs\/wp-content\/uploads\/2023\/08\/reklame-forside-1-1200x800.jpg",1200,800,true],"post_slider_layout_portrait_large":["https:\/\/minilink.no\/kurs\/wp-content\/uploads\/2023\/08\/reklame-forside-1-1200x1800.jpg",1200,1800,true],"post_slider_layout_square_large":["https:\/\/minilink.no\/kurs\/wp-content\/uploads\/2023\/08\/reklame-forside-1-1200x1200.jpg",1200,1200,true],"post_slider_layout_landscape":["https:\/\/minilink.no\/kurs\/wp-content\/uploads\/2023\/08\/reklame-forside-1-600x400.jpg",600,400,true],"post_slider_layout_portrait":["https:\/\/minilink.no\/kurs\/wp-content\/uploads\/2023\/08\/reklame-forside-1-600x900.jpg",600,900,true],"post_slider_layout_square":["https:\/\/minilink.no\/kurs\/wp-content\/uploads\/2023\/08\/reklame-forside-1-600x600.jpg",600,600,true],"full":["https:\/\/minilink.no\/kurs\/wp-content\/uploads\/2023\/08\/reklame-forside-1-scaled.jpg",1810,2560,false]},"_links":{"self":[{"href":"https:\/\/minilink.no\/kurs\/wp-json\/wp\/v2\/product\/8019","targetHints":{"allow":["GET"]}}],"collection":[{"href":"https:\/\/minilink.no\/kurs\/wp-json\/wp\/v2\/product"}],"about":[{"href":"https:\/\/minilink.no\/kurs\/wp-json\/wp\/v2\/types\/product"}],"version-history":[{"count":9,"href":"https:\/\/minilink.no\/kurs\/wp-json\/wp\/v2\/product\/8019\/revisions"}],"predecessor-version":[{"id":8302,"href":"https:\/\/minilink.no\/kurs\/wp-json\/wp\/v2\/product\/8019\/revisions\/8302"}],"wp:featuredmedia":[{"embeddable":true,"href":"https:\/\/minilink.no\/kurs\/wp-json\/wp\/v2\/media\/8303"}],"wp:attachment":[{"href":"https:\/\/minilink.no\/kurs\/wp-json\/wp\/v2\/media?parent=8019"}],"wp:term":[{"taxonomy":"product_cat","embeddable":true,"href":"https:\/\/minilink.no\/kurs\/wp-json\/wp\/v2\/product_cat?post=8019"},{"taxonomy":"product_tag","embeddable":true,"href":"https:\/\/minilink.no\/kurs\/wp-json\/wp\/v2\/product_tag?post=8019"}],"curies":[{"name":"wp","href":"https:\/\/api.w.org\/{rel}","templated":true}]}}