{"id":9142,"date":"2023-12-06T21:37:31","date_gmt":"2023-12-06T20:37:31","guid":{"rendered":"https:\/\/minilink.no\/kurs\/?post_type=product&#038;p=9142"},"modified":"2023-12-06T21:38:41","modified_gmt":"2023-12-06T20:38:41","slug":"samlepakke-med-kurs-juletilbud","status":"publish","type":"product","link":"https:\/\/minilink.no\/kurs\/produkt\/samlepakke-med-kurs-juletilbud\/","title":{"rendered":"Samlepakke med kurs (Juletilbud)"},"content":{"rendered":"<p>Samlepakke med alle kurs.<\/p>\n<p>Kursene m\u00e5 gjennomf\u00f8res innen 12 m\u00e5neder.<\/p>\n","protected":false},"excerpt":{"rendered":"<p>Samlepakke med alle kurs. Kursene m\u00e5 gjennomf\u00f8res innen 12 m\u00e5neder.<\/p>\n","protected":false},"featured_media":0,"template":"","meta":{"_regular_price":["15.106"],"currency_symbol":[],"ub_ctt_via":""},"product_cat":[27],"product_tag":[],"class_list":["post-9142","product","type-product","status-publish","hentry","product_cat-ukategorisert"],"post_slider_layout_featured_media_urls":{"thumbnail":"","post_slider_layout_landscape_large":"","post_slider_layout_portrait_large":"","post_slider_layout_square_large":"","post_slider_layout_landscape":"","post_slider_layout_portrait":"","post_slider_layout_square":"","full":""},"_links":{"self":[{"href":"https:\/\/minilink.no\/kurs\/wp-json\/wp\/v2\/product\/9142","targetHints":{"allow":["GET"]}}],"collection":[{"href":"https:\/\/minilink.no\/kurs\/wp-json\/wp\/v2\/product"}],"about":[{"href":"https:\/\/minilink.no\/kurs\/wp-json\/wp\/v2\/types\/product"}],"version-history":[{"count":1,"href":"https:\/\/minilink.no\/kurs\/wp-json\/wp\/v2\/product\/9142\/revisions"}],"predecessor-version":[{"id":9143,"href":"https:\/\/minilink.no\/kurs\/wp-json\/wp\/v2\/product\/9142\/revisions\/9143"}],"wp:attachment":[{"href":"https:\/\/minilink.no\/kurs\/wp-json\/wp\/v2\/media?parent=9142"}],"wp:term":[{"taxonomy":"product_cat","embeddable":true,"href":"https:\/\/minilink.no\/kurs\/wp-json\/wp\/v2\/product_cat?post=9142"},{"taxonomy":"product_tag","embeddable":true,"href":"https:\/\/minilink.no\/kurs\/wp-json\/wp\/v2\/product_tag?post=9142"}],"curies":[{"name":"wp","href":"https:\/\/api.w.org\/{rel}","templated":true}]}}